{"id":3873,"date":"2015-01-19T02:56:16","date_gmt":"2015-01-19T06:56:16","guid":{"rendered":"http:\/\/www.globalcrisisnow.org\/?page_id=3873"},"modified":"2023-07-09T05:39:24","modified_gmt":"2023-07-09T09:39:24","slug":"planeetta-tietoisuus","status":"publish","type":"page","link":"https:\/\/globalcrisisnow.org\/fi\/planeetta-tietoisuus\/","title":{"rendered":"Planeetta-tietoisuus"},"content":{"rendered":"<hr  class=\"x-gap\" style=\"margin: -1.1em 0 0 0;\">\n\n\t\t\t<!-- START planetaryawarenessfi REVOLUTION SLIDER 6.7.18 --><p class=\"rs-p-wp-fix\"><\/p>\n\t\t\t<rs-module-wrap id=\"rev_slider_19_1_wrapper\" data-source=\"gallery\" style=\"visibility:hidden;background:#000000;padding:0;margin:0px auto;margin-top:28;margin-bottom:59;\">\n\t\t\t\t<rs-module id=\"rev_slider_19_1\" class=\" rs-ov-hidden\" style=\"\" data-version=\"6.7.18\">\n\t\t\t\t\t<rs-slides style=\"overflow: hidden; position: absolute;\">\n\t\t\t\t\t\t<rs-slide style=\"position: absolute;\" data-key=\"rs-294\" data-title=\"Slide\" data-thumb=\"\/\/globalcrisisnow.org\/wp-content\/uploads\/2014\/08\/1_world-100x50.jpg\" data-anim=\"ms:3000;\" data-in=\"o:1;y:100%;\" data-out=\"sx:0.85;sy:0.85;\">\n\t\t\t\t\t\t\t<img decoding=\"async\" src=\"\/\/globalcrisisnow.org\/wp-content\/plugins\/revslider\/sr6\/assets\/assets\/dummy.png\" alt=\"\" title=\"Planeetta-tietoisuus\" class=\"rev-slidebg tp-rs-img rs-lazyload\" data-lazyload=\"\/\/globalcrisisnow.org\/wp-content\/uploads\/2014\/08\/1_world.jpg\" data-bg=\"p:center top;\" data-no-retina>\n<!--\n\t\t\t\t\t\t\t--><rs-layer\n\t\t\t\t\t\t\t\tid=\"slider-19-slide-294-layer-0\" \n\t\t\t\t\t\t\t\tclass=\"homepage\"\n\t\t\t\t\t\t\t\tdata-type=\"text\"\n\t\t\t\t\t\t\t\tdata-color=\"#ffffff\"\n\t\t\t\t\t\t\t\tdata-rsp_ch=\"on\"\n\t\t\t\t\t\t\t\tdata-xy=\"x:276px;y:-3px;\"\n\t\t\t\t\t\t\t\tdata-text=\"s:52;l:87;fw:700;\"\n\t\t\t\t\t\t\t\tdata-frame_1=\"st:500;\"\n\t\t\t\t\t\t\t\tdata-frame_999=\"st:w;auto:true;\"\n\t\t\t\t\t\t\t\tstyle=\"z-index:5;background-color:rgba(0,0,0,0.36);font-family:'Verdana', 'Geneva', 'sans-serif';\"\n\t\t\t\t\t\t\t>Mik\u00e4 on planeetta-tietoisuus? \n\t\t\t\t\t\t\t<\/rs-layer><!--\n-->\t\t\t\t\t<\/rs-slide>\n\t\t\t\t\t\t<rs-slide style=\"position: absolute;\" data-key=\"rs-295\" data-title=\"Slide\" data-thumb=\"\/\/globalcrisisnow.org\/wp-content\/uploads\/2014\/10\/Apollo_11_liftoff-100x50.jpg\" data-anim=\"ms:3000;\" data-in=\"o:1;y:-100%;\" data-out=\"sx:0.85;sy:0.85;\">\n\t\t\t\t\t\t\t<img decoding=\"async\" src=\"\/\/globalcrisisnow.org\/wp-content\/plugins\/revslider\/sr6\/assets\/assets\/dummy.png\" alt=\"\" title=\"Planeetta-tietoisuus\" class=\"rev-slidebg tp-rs-img rs-lazyload\" data-lazyload=\"\/\/globalcrisisnow.org\/wp-content\/uploads\/2014\/10\/Apollo_11_liftoff.jpg\" data-bg=\"p:center top;\" data-no-retina>\n<!--\n\t\t\t\t\t\t\t--><rs-layer\n\t\t\t\t\t\t\t\tid=\"slider-19-slide-295-layer-1\" \n\t\t\t\t\t\t\t\tclass=\"homepage-fi-reduce-font\"\n\t\t\t\t\t\t\t\tdata-type=\"text\"\n\t\t\t\t\t\t\t\tdata-color=\"#ffffff\"\n\t\t\t\t\t\t\t\tdata-rsp_ch=\"on\"\n\t\t\t\t\t\t\t\tdata-xy=\"y:2px;\"\n\t\t\t\t\t\t\t\tdata-text=\"s:36;l:83;fw:800;\"\n\t\t\t\t\t\t\t\tdata-frame_1=\"st:500;\"\n\t\t\t\t\t\t\t\tdata-frame_999=\"st:w;auto:true;\"\n\t\t\t\t\t\t\t\tstyle=\"z-index:5;font-family:'Verdana', 'Geneva', 'sans-serif';\"\n\t\t\t\t\t\t\t>&nbsp;Meist\u00e4 tuli planeettatietoisia<br>&nbsp;kun astronautit j\u00e4ttiv\u00e4t<br>&nbsp;maapallomme\n&nbsp; \n\t\t\t\t\t\t\t<\/rs-layer><!--\n-->\t\t\t\t\t<\/rs-slide>\n\t\t\t\t\t\t<rs-slide style=\"position: absolute;\" data-key=\"rs-292\" data-title=\"Slide\" data-thumb=\"\/\/globalcrisisnow.org\/wp-content\/uploads\/2014\/10\/ni-100x50.jpg\" data-anim=\"ms:3000;\" data-in=\"o:1;y:100%;\" data-out=\"sx:0.85;sy:0.85;\">\n\t\t\t\t\t\t\t<img decoding=\"async\" src=\"\/\/globalcrisisnow.org\/wp-content\/plugins\/revslider\/sr6\/assets\/assets\/dummy.png\" alt=\"\" title=\"Planeetta-tietoisuus\" class=\"rev-slidebg tp-rs-img rs-lazyload\" data-lazyload=\"\/\/globalcrisisnow.org\/wp-content\/uploads\/2014\/10\/ni.jpg\" data-bg=\"p:center top;\" data-no-retina>\n<!--\n\t\t\t\t\t\t\t--><rs-layer\n\t\t\t\t\t\t\t\tid=\"slider-19-slide-292-layer-2\" \n\t\t\t\t\t\t\t\tclass=\"homepage\"\n\t\t\t\t\t\t\t\tdata-type=\"text\"\n\t\t\t\t\t\t\t\tdata-color=\"#ffffff\"\n\t\t\t\t\t\t\t\tdata-rsp_ch=\"on\"\n\t\t\t\t\t\t\t\tdata-xy=\"x:-1px;y:-4px;\"\n\t\t\t\t\t\t\t\tdata-text=\"s:52;l:87;fw:700;\"\n\t\t\t\t\t\t\t\tdata-frame_1=\"st:500;\"\n\t\t\t\t\t\t\t\tdata-frame_999=\"st:w;auto:true;\"\n\t\t\t\t\t\t\t\tstyle=\"z-index:5;background-color:rgba(0,0,0,0.36);font-family:'Verdana', 'Geneva', 'sans-serif';\"\n\t\t\t\t\t\t\t>&nbsp;ja lensiv\u00e4t kuuhun&nbsp; \n\t\t\t\t\t\t\t<\/rs-layer><!--\n-->\t\t\t\t\t<\/rs-slide>\n\t\t\t\t\t\t<rs-slide style=\"position: absolute;\" data-key=\"rs-293\" data-title=\"Slide\" data-thumb=\"\/\/globalcrisisnow.org\/wp-content\/uploads\/2014\/10\/Earth_from_Moon-100x50.jpg\" data-anim=\"ms:3000;\" data-in=\"o:1;y:100%;\" data-out=\"sx:0.85;sy:0.85;\">\n\t\t\t\t\t\t\t<img decoding=\"async\" src=\"\/\/globalcrisisnow.org\/wp-content\/plugins\/revslider\/sr6\/assets\/assets\/dummy.png\" alt=\"\" title=\"Planeetta-tietoisuus\" class=\"rev-slidebg tp-rs-img rs-lazyload\" data-lazyload=\"\/\/globalcrisisnow.org\/wp-content\/uploads\/2014\/10\/Earth_from_Moon.jpg\" data-bg=\"p:center top;\" data-no-retina>\n<!--\n\t\t\t\t\t\t\t--><rs-layer\n\t\t\t\t\t\t\t\tid=\"slider-19-slide-293-layer-3\" \n\t\t\t\t\t\t\t\tclass=\"homepage\"\n\t\t\t\t\t\t\t\tdata-type=\"text\"\n\t\t\t\t\t\t\t\tdata-color=\"#ffffff\"\n\t\t\t\t\t\t\t\tdata-rsp_ch=\"on\"\n\t\t\t\t\t\t\t\tdata-xy=\"x:177px;y:297px;\"\n\t\t\t\t\t\t\t\tdata-text=\"s:52;l:87;fw:700;\"\n\t\t\t\t\t\t\t\tdata-frame_1=\"st:500;\"\n\t\t\t\t\t\t\t\tdata-frame_999=\"st:w;auto:true;\"\n\t\t\t\t\t\t\t\tstyle=\"z-index:5;background-color:rgba(0,0,0,0.36);font-family:'Verdana', 'Geneva', 'sans-serif';\"\n\t\t\t\t\t\t\t>&nbsp;ja n\u00e4kiv\u00e4t maan avaruudesta k\u00e4sin.&nbsp; \n\t\t\t\t\t\t\t<\/rs-layer><!--\n-->\t\t\t\t\t<\/rs-slide>\n\t\t\t\t\t\t<rs-slide style=\"position: absolute;\" data-key=\"rs-296\" data-title=\"Slide\" data-thumb=\"\/\/globalcrisisnow.org\/wp-content\/uploads\/2014\/10\/universe-100x50.jpg\" data-anim=\"ms:3000;\" data-in=\"y:100%;\">\n\t\t\t\t\t\t\t<img decoding=\"async\" src=\"\/\/globalcrisisnow.org\/wp-content\/plugins\/revslider\/sr6\/assets\/assets\/dummy.png\" alt=\"\" title=\"Planeetta-tietoisuus\" class=\"rev-slidebg tp-rs-img rs-lazyload\" data-lazyload=\"\/\/globalcrisisnow.org\/wp-content\/uploads\/2014\/10\/universe.jpg\" data-bg=\"p:center top;\" data-no-retina>\n<!--\n\t\t\t\t\t\t\t--><rs-layer\n\t\t\t\t\t\t\t\tid=\"slider-19-slide-296-layer-1\" \n\t\t\t\t\t\t\t\tclass=\"homepage-fi-reduce-font\"\n\t\t\t\t\t\t\t\tdata-type=\"text\"\n\t\t\t\t\t\t\t\tdata-color=\"#ffffff\"\n\t\t\t\t\t\t\t\tdata-rsp_ch=\"on\"\n\t\t\t\t\t\t\t\tdata-xy=\"x:73px;y:141px;\"\n\t\t\t\t\t\t\t\tdata-text=\"s:36;l:83;fw:800;\"\n\t\t\t\t\t\t\t\tdata-frame_1=\"st:500;\"\n\t\t\t\t\t\t\t\tdata-frame_999=\"st:w;auto:true;\"\n\t\t\t\t\t\t\t\tstyle=\"z-index:5;font-family:'Verdana', 'Geneva', 'sans-serif';text-shadow:none;\"\n\t\t\t\t\t\t\t>&nbsp;Vihdoinkin ymm\u00e4rsimme paikkamme maailmankaikkeudessa.\n&nbsp; \n\t\t\t\t\t\t\t<\/rs-layer><!--\n-->\t\t\t\t\t<\/rs-slide>\n\t\t\t\t\t\t<rs-slide style=\"position: absolute;\" data-key=\"rs-297\" data-title=\"Slide\" data-thumb=\"\/\/globalcrisisnow.org\/wp-content\/uploads\/2014\/10\/Earth-Moon-100x50.jpg\" data-anim=\"ms:3000;\" data-in=\"y:-100%;\">\n\t\t\t\t\t\t\t<img decoding=\"async\" src=\"\/\/globalcrisisnow.org\/wp-content\/plugins\/revslider\/sr6\/assets\/assets\/dummy.png\" alt=\"\" title=\"Planeetta-tietoisuus\" class=\"rev-slidebg tp-rs-img rs-lazyload\" data-lazyload=\"\/\/globalcrisisnow.org\/wp-content\/uploads\/2014\/10\/Earth-Moon.jpg\" data-bg=\"p:center top;\" data-no-retina>\n<!--\n\t\t\t\t\t\t\t--><rs-layer\n\t\t\t\t\t\t\t\tid=\"slider-19-slide-297-layer-1\" \n\t\t\t\t\t\t\t\tclass=\"homepage-fi-reduce-font\"\n\t\t\t\t\t\t\t\tdata-type=\"text\"\n\t\t\t\t\t\t\t\tdata-color=\"#ffffff\"\n\t\t\t\t\t\t\t\tdata-rsp_ch=\"on\"\n\t\t\t\t\t\t\t\tdata-xy=\"x:58px;y:4px;\"\n\t\t\t\t\t\t\t\tdata-text=\"s:36;l:83;fw:800;\"\n\t\t\t\t\t\t\t\tdata-frame_1=\"st:500;\"\n\t\t\t\t\t\t\t\tdata-frame_999=\"st:w;auto:true;\"\n\t\t\t\t\t\t\t\tstyle=\"z-index:5;font-family:'Verdana', 'Geneva', 'sans-serif';text-shadow:none;\"\n\t\t\t\t\t\t\t>&nbsp;Tulimme enemm\u00e4n tietoiseksi maapallostamme, jossa el\u00e4mme.&nbsp; \n\t\t\t\t\t\t\t<\/rs-layer><!--\n-->\t\t\t\t\t<\/rs-slide>\n\t\t\t\t\t\t<rs-slide style=\"position: absolute;\" data-key=\"rs-301\" data-title=\"Slide\" data-thumb=\"\/\/globalcrisisnow.org\/wp-content\/uploads\/2014\/10\/next_step_evolution-100x50.jpg\" data-anim=\"ms:3000;\" data-in=\"o:1;x:100%;\">\n\t\t\t\t\t\t\t<img decoding=\"async\" src=\"\/\/globalcrisisnow.org\/wp-content\/plugins\/revslider\/sr6\/assets\/assets\/dummy.png\" alt=\"\" title=\"Planeetta-tietoisuus\" class=\"rev-slidebg tp-rs-img rs-lazyload\" data-lazyload=\"\/\/globalcrisisnow.org\/wp-content\/uploads\/2014\/10\/next_step_evolution.jpg\" data-bg=\"p:center top;\" data-no-retina>\n<!--\n\t\t\t\t\t\t\t--><rs-layer\n\t\t\t\t\t\t\t\tid=\"slider-19-slide-301-layer-6\" \n\t\t\t\t\t\t\t\tclass=\"homepage\"\n\t\t\t\t\t\t\t\tdata-type=\"text\"\n\t\t\t\t\t\t\t\tdata-color=\"#ffffff\"\n\t\t\t\t\t\t\t\tdata-rsp_ch=\"on\"\n\t\t\t\t\t\t\t\tdata-xy=\"x:-1px;y:238px;\"\n\t\t\t\t\t\t\t\tdata-text=\"s:52;l:87;fw:700;\"\n\t\t\t\t\t\t\t\tdata-frame_1=\"st:500;\"\n\t\t\t\t\t\t\t\tdata-frame_999=\"st:3800;auto:true;\"\n\t\t\t\t\t\t\t\tstyle=\"z-index:5;background-color:rgba(0,0,0,0.36);font-family:'Verdana', 'Geneva', 'sans-serif';\"\n\t\t\t\t\t\t\t>&nbsp;Tulimme tietoiseksi<br>&nbsp;hiilidioksijalanj\u00e4ljest\u00e4mme maapallolla.&nbsp; \n\t\t\t\t\t\t\t<\/rs-layer><!--\n-->\t\t\t\t\t<\/rs-slide>\n\t\t\t\t\t\t<rs-slide style=\"position: absolute;\" data-key=\"rs-291\" data-title=\"Slide\" data-thumb=\"\/\/globalcrisisnow.org\/wp-content\/uploads\/2014\/10\/moonshoe-100x50.jpg\" data-anim=\"ms:3000;\" data-in=\"o:1;y:100%;\">\n\t\t\t\t\t\t\t<img decoding=\"async\" src=\"\/\/globalcrisisnow.org\/wp-content\/plugins\/revslider\/sr6\/assets\/assets\/dummy.png\" alt=\"\" title=\"Planeetta-tietoisuus\" class=\"rev-slidebg tp-rs-img rs-lazyload\" data-lazyload=\"\/\/globalcrisisnow.org\/wp-content\/uploads\/2014\/10\/moonshoe.jpg\" data-bg=\"p:center top;\" data-no-retina>\n<!--\n\t\t\t\t\t\t\t--><rs-layer\n\t\t\t\t\t\t\t\tid=\"slider-19-slide-291-layer-7\" \n\t\t\t\t\t\t\t\tclass=\"homepage\"\n\t\t\t\t\t\t\t\tdata-type=\"text\"\n\t\t\t\t\t\t\t\tdata-color=\"#ffffff\"\n\t\t\t\t\t\t\t\tdata-rsp_ch=\"on\"\n\t\t\t\t\t\t\t\tdata-xy=\"x:555px;y:-1px;\"\n\t\t\t\t\t\t\t\tdata-text=\"s:52;l:87;fw:700;\"\n\t\t\t\t\t\t\t\tdata-frame_1=\"st:500;\"\n\t\t\t\t\t\t\t\tdata-frame_999=\"st:4400;auto:true;\"\n\t\t\t\t\t\t\t\tstyle=\"z-index:5;background-color:rgba(0,0,0,0.36);font-family:'Verdana', 'Geneva', 'sans-serif';\"\n\t\t\t\t\t\t\t>&nbsp;k\u00e4velem\u00e4ll\u00e4 kuussa.&nbsp; \n\t\t\t\t\t\t\t<\/rs-layer><!--\n-->\t\t\t\t\t<\/rs-slide>\n\t\t\t\t\t\t<rs-slide style=\"position: absolute;\" data-key=\"rs-300\" data-title=\"Slide\" data-thumb=\"\/\/globalcrisisnow.org\/wp-content\/uploads\/2014\/10\/Earth_from_Moon-100x50.jpg\" data-anim=\"ms:4000;\" data-in=\"o:1;\" data-out=\"a:false;\">\n\t\t\t\t\t\t\t<img decoding=\"async\" src=\"\/\/globalcrisisnow.org\/wp-content\/plugins\/revslider\/sr6\/assets\/assets\/dummy.png\" alt=\"\" title=\"Planeetta-tietoisuus\" class=\"rev-slidebg tp-rs-img rs-lazyload\" data-lazyload=\"\/\/globalcrisisnow.org\/wp-content\/uploads\/2014\/10\/Earth_from_Moon.jpg\" data-bg=\"p:center top;\" data-no-retina>\n<!--\n\t\t\t\t\t\t\t--><rs-layer\n\t\t\t\t\t\t\t\tid=\"slider-19-slide-300-layer-8\" \n\t\t\t\t\t\t\t\tclass=\"homepage-fi-reduce-font\"\n\t\t\t\t\t\t\t\tdata-type=\"text\"\n\t\t\t\t\t\t\t\tdata-color=\"#ffffff\"\n\t\t\t\t\t\t\t\tdata-rsp_ch=\"on\"\n\t\t\t\t\t\t\t\tdata-xy=\"x:27px;y:144px;\"\n\t\t\t\t\t\t\t\tdata-text=\"s:36;l:83;fw:800;\"\n\t\t\t\t\t\t\t\tdata-frame_1=\"st:500;\"\n\t\t\t\t\t\t\t\tdata-frame_999=\"st:3800;auto:true;\"\n\t\t\t\t\t\t\t\tstyle=\"z-index:5;font-family:'Verdana', 'Geneva', 'sans-serif';\"\n\t\t\t\t\t\t\t>&nbsp;Ole planeettatietoinen.&nbsp; \n\t\t\t\t\t\t\t<\/rs-layer><!--\n\n\t\t\t\t\t\t\t--><rs-layer\n\t\t\t\t\t\t\t\tid=\"slider-19-slide-300-layer-9\" \n\t\t\t\t\t\t\t\tclass=\"homepage-fi-reduce-font\"\n\t\t\t\t\t\t\t\tdata-type=\"text\"\n\t\t\t\t\t\t\t\tdata-color=\"#ffffff\"\n\t\t\t\t\t\t\t\tdata-rsp_ch=\"on\"\n\t\t\t\t\t\t\t\tdata-xy=\"x:881px;y:144px;\"\n\t\t\t\t\t\t\t\tdata-text=\"s:36;l:83;fw:800;\"\n\t\t\t\t\t\t\t\tdata-frame_1=\"st:500;\"\n\t\t\t\t\t\t\t\tdata-frame_999=\"st:3800;auto:true;\"\n\t\t\t\t\t\t\t\tstyle=\"z-index:6;font-family:'Verdana', 'Geneva', 'sans-serif';\"\n\t\t\t\t\t\t\t>&nbsp;Astu varovasti eteenp\u00e4in.&nbsp;  \n\t\t\t\t\t\t\t<\/rs-layer><!--\n-->\t\t\t\t\t<\/rs-slide>\n\t\t\t\t\t<\/rs-slides>\n\t\t\t\t<\/rs-module>\n\t\t\t\t<script>\n\t\t\t\t\tsetREVStartSize({c: 'rev_slider_19_1',rl:[1240,1024,778,480],el:[458],gw:[1450],gh:[458],type:'standard',justify:'',layout:'fullwidth',mh:\"0\"});if (window.RS_MODULES!==undefined && window.RS_MODULES.modules!==undefined && window.RS_MODULES.modules[\"revslider191\"]!==undefined) {window.RS_MODULES.modules[\"revslider191\"].once = false;window.revapi19 = undefined;if (window.RS_MODULES.checkMinimal!==undefined) window.RS_MODULES.checkMinimal()}\n\t\t\t\t<\/script>\n\t\t\t<\/rs-module-wrap>\n\t\t\t<!-- END REVOLUTION SLIDER -->\n\n<p>L\u00e4hes 50 vuotta sitten ihmiset k\u00e4veliv\u00e4t ensimm\u00e4ist\u00e4 kertaa Kuussa ja ottivat valokuvia maasta Kuun pinnalta. Se oli ensimm\u00e4inen kerta kun n\u00e4imme planeetan jolla el\u00e4mme toiselta planeetalta. Maa vaikutti hauraalta noissa kuvissa, melkein yksin kosmoksessa. T\u00e4m\u00e4 n\u00e4kemys maasta muutti k\u00e4sityst\u00e4mme maailmastamme ja itsest\u00e4mme. Oivalsimme, ett\u00e4 el\u00e4mme kaikki yhdess\u00e4, yhten\u00e4, yhdell\u00e4 planeetalla, Maalla.<\/p>\n<p>Tuo hetki oli planeettatietoisuuden alku. Olipa sattumaa tai ei, heti tuon hetken j\u00e4lkeen ymp\u00e4rist\u00f6liike alkoi kasvaa. Ihmiset ymp\u00e4ri maailmaa p\u00e4\u00e4ttiv\u00e4t, ett\u00e4 meid\u00e4n on alettava pit\u00e4\u00e4 parempaa huolta maailmastamme.\u00a0 Asetukset hyv\u00e4ksyttiin. Ilma ja vesi oli puhtaampaa.<\/p>\n<p>Tuo hetki oli planeettatietoisuuden alku. Olipa sattumaa tai ei, heti tuon hetken j\u00e4lkeen ymp\u00e4rist\u00f6liike alkoi kasvaa. Ihmiset ymp\u00e4ri maailmaa p\u00e4\u00e4ttiv\u00e4t, ett\u00e4 meid\u00e4n on alettava pit\u00e4\u00e4 parempaa huolta maailmastamme.\u00a0 Asetukset hyv\u00e4ksyttiin. Ilma ja vesi oli puhtaampaa.\u00a0 Mutta ymm\u00e4rr\u00e4mme nyt, ett\u00e4 paljon enemm\u00e4n olisi pit\u00e4nyt tehd\u00e4 tuohon aikaan. Nyt maailma on kriisiss\u00e4 ilmastonmuutoksen takia. Ilmakeh\u00e4\u00e4n kertynyt hiilidioksidi, on johtanut muutoksiin ilmastossamme suhteellisen lyhyess\u00e4 ajassa, ja ilmastomme ennustetaan nyt muuttuvan entisest\u00e4\u00e4n. Olemme nyt maailmanlaajuisessa kriisiss\u00e4, joka uhkaa tulevaisuuttamme. Tulevaisuus, joka n\u00e4ytti niin toiveikkaalta ja joka oli niin t\u00e4ynn\u00e4 mahdollisuuksia noissa valokuvissa, jotka otettiin Kuustamme, l\u00e4hes 50 vuotta sitten.<\/p>\n<p>Kun planeettamme ja tulevaisuutemme ovat nyt vaarassa, meid\u00e4n on j\u00e4lleen kerran tultava tietoisemmiksi planeetastamme. Olimmepa yksil\u00f6it\u00e4, yrityksi\u00e4 tai kansakuntia, meid\u00e4n on ymm\u00e4rrett\u00e4v\u00e4, ett\u00e4 meill\u00e4 on henkil\u00f6kohtaisia koteja maan p\u00e4\u00e4ll\u00e4, mutta yksi yhteinen koti avaruudessa. Maapalllo. Meid\u00e4n on tultava tietoisemmiksi siit\u00e4, miten toimintamme vaikuttaa planeettaamme. Meid\u00e4n on my\u00f6s ryhdytt\u00e4v\u00e4 toimiin, ymp\u00e4rist\u00f6mme ja planeettamme suojelemiseksi, jotta voimme hidastaa ilmastonmuutosta.<\/p>\n<p>Meid\u00e4n tulee jatkaa ty\u00f6t\u00e4 ensimm\u00e4isen planeettatietoisuuden tunteen pohjalta, joka meill\u00e4 oli l\u00e4hes 50 vuotta sitten. Meid\u00e4n on kehitett\u00e4v\u00e4 kohonnut maailmanlaajuinen, planeettatietoisuus, joka ylitt\u00e4\u00e4 yksil\u00f6llisyytemme ja kansallisuutemme. Meid\u00e4n pit\u00e4\u00e4 tehd\u00e4 se nyt, ennen kuin on liian my\u00f6h\u00e4ist\u00e4 meille ja planeetallemme.<\/p>\n<div class=\"fcbkbttn_buttons_block\" id=\"fcbkbttn_left\"><div class=\"fcbkbttn_like \"><div class=\"fb-like fb-like-standard\" data-href=\"https:\/\/globalcrisisnow.org\/fi\/planeetta-tietoisuus\/\" data-colorscheme=\"light\" data-layout=\"standard\" data-action=\"like\"  data-width=\"450px\" data-size=\"small\"><\/div><\/div><div class=\"fb-share-button  \" data-href=\"https:\/\/globalcrisisnow.org\/fi\/planeetta-tietoisuus\/\" data-type=\"button_count\" data-size=\"small\"><\/div><\/div>","protected":false},"excerpt":{"rendered":"<p>L\u00e4hes 50 vuotta sitten ihmiset k\u00e4veliv\u00e4t ensimm\u00e4ist\u00e4 kertaa Kuussa ja ottivat valokuvia maasta Kuun pinnalta. Se oli ensimm\u00e4inen kerta kun n\u00e4imme planeetan jolla el\u00e4mme toiselta planeetalta. Maa vaikutti hauraalta noissa kuvissa, melkein yksin kosmoksessa. T\u00e4m\u00e4 n\u00e4kemys maasta muutti k\u00e4sityst\u00e4mme maailmastamme ja itsest\u00e4mme. Oivalsimme, ett\u00e4 el\u00e4mme kaikki yhdess\u00e4, yhten\u00e4, yhdell\u00e4 planeetalla, Maalla. Tuo hetki oli planeettatietoisuuden alku. Olipa sattumaa tai ei, heti tuon hetken j\u00e4lkeen ymp\u00e4rist\u00f6liike alkoi kasvaa. Ihmiset ymp\u00e4ri maailmaa p\u00e4\u00e4ttiv\u00e4t, ett\u00e4 meid\u00e4n on alettava pit\u00e4\u00e4 parempaa huolta maailmastamme.\u00a0 Asetukset hyv\u00e4ksyttiin. Ilma ja vesi oli puhtaampaa. Tuo hetki oli planeettatietoisuuden alku. Olipa sattumaa tai ei, heti tuon hetken j\u00e4lkeen ymp\u00e4rist\u00f6liike &#8230; <\/p>\n<div><a href=\"https:\/\/globalcrisisnow.org\/fi\/planeetta-tietoisuus\/\" class=\"more-link\">Read More<\/a><\/div>\n","protected":false},"author":1,"featured_media":3893,"parent":0,"menu_order":0,"comment_status":"closed","ping_status":"closed","template":"template-layout-full-width.php","meta":{"nf_dc_page":"","footnotes":""},"class_list":["post-3873","page","type-page","status-publish","has-post-thumbnail","hentry"],"_links":{"self":[{"href":"https:\/\/globalcrisisnow.org\/fi\/wp-json\/wp\/v2\/pages\/3873","targetHints":{"allow":["GET"]}}],"collection":[{"href":"https:\/\/globalcrisisnow.org\/fi\/wp-json\/wp\/v2\/pages"}],"about":[{"href":"https:\/\/globalcrisisnow.org\/fi\/wp-json\/wp\/v2\/types\/page"}],"author":[{"embeddable":true,"href":"https:\/\/globalcrisisnow.org\/fi\/wp-json\/wp\/v2\/users\/1"}],"replies":[{"embeddable":true,"href":"https:\/\/globalcrisisnow.org\/fi\/wp-json\/wp\/v2\/comments?post=3873"}],"version-history":[{"count":6,"href":"https:\/\/globalcrisisnow.org\/fi\/wp-json\/wp\/v2\/pages\/3873\/revisions"}],"predecessor-version":[{"id":7913,"href":"https:\/\/globalcrisisnow.org\/fi\/wp-json\/wp\/v2\/pages\/3873\/revisions\/7913"}],"wp:featuredmedia":[{"embeddable":true,"href":"https:\/\/globalcrisisnow.org\/fi\/wp-json\/wp\/v2\/media\/3893"}],"wp:attachment":[{"href":"https:\/\/globalcrisisnow.org\/fi\/wp-json\/wp\/v2\/media?parent=3873"}],"curies":[{"name":"wp","href":"https:\/\/api.w.org\/{rel}","templated":true}]}}