{"id":3877,"date":"2015-01-24T15:54:29","date_gmt":"2015-01-24T19:54:29","guid":{"rendered":"http:\/\/www.globalcrisisnow.org\/?page_id=3877"},"modified":"2023-07-03T12:34:20","modified_gmt":"2023-07-03T16:34:20","slug":"kaannekohta","status":"publish","type":"page","link":"https:\/\/globalcrisisnow.org\/fi\/kaannekohta\/","title":{"rendered":"K\u00e4\u00e4nnekohta"},"content":{"rendered":"\n\t\t\t<!-- START tippingpointfi REVOLUTION SLIDER 6.7.18 --><p class=\"rs-p-wp-fix\"><\/p>\n\t\t\t<rs-module-wrap id=\"rev_slider_20_1_wrapper\" data-source=\"gallery\" style=\"visibility:hidden;background:#000000;padding:0;margin:0px auto;margin-top:28;margin-bottom:46;\">\n\t\t\t\t<rs-module id=\"rev_slider_20_1\" class=\" rs-ov-hidden\" style=\"\" data-version=\"6.7.18\">\n\t\t\t\t\t<rs-slides style=\"overflow: hidden; position: absolute;\">\n\t\t\t\t\t\t<rs-slide style=\"position: absolute;\" data-key=\"rs-302\" data-title=\"Slide\" data-thumb=\"\/\/globalcrisisnow.org\/wp-content\/uploads\/2014\/08\/tipping_point_9-100x50.jpg\" data-anim=\"ms:300;\" data-in=\"o:1;x:-100%;\">\n\t\t\t\t\t\t\t<img decoding=\"async\" src=\"\/\/globalcrisisnow.org\/wp-content\/plugins\/revslider\/sr6\/assets\/assets\/dummy.png\" alt=\"\" title=\"K\u00e4\u00e4nnekohta\" class=\"rev-slidebg tp-rs-img rs-lazyload\" data-lazyload=\"\/\/globalcrisisnow.org\/wp-content\/uploads\/2014\/08\/tipping_point_9.jpg\" data-bg=\"p:center top;\" data-no-retina>\n<!--\n\t\t\t\t\t\t\t--><rs-layer\n\t\t\t\t\t\t\t\tid=\"slider-20-slide-302-layer-0\" \n\t\t\t\t\t\t\t\tclass=\"homepage-fi-heavy\"\n\t\t\t\t\t\t\t\tdata-type=\"text\"\n\t\t\t\t\t\t\t\tdata-color=\"#ffffff\"\n\t\t\t\t\t\t\t\tdata-rsp_ch=\"on\"\n\t\t\t\t\t\t\t\tdata-xy=\"y:29px;\"\n\t\t\t\t\t\t\t\tdata-text=\"s:56;l:99;fw:800;\"\n\t\t\t\t\t\t\t\tdata-frame_1=\"e:none;st:500;sR:500;\"\n\t\t\t\t\t\t\t\tdata-frame_999=\"o:0;e:none;st:5380;sR:4580;\"\n\t\t\t\t\t\t\t\tstyle=\"z-index:5;font-family:'Verdana', 'Geneva', 'sans-serif';\"\n\t\t\t\t\t\t\t>&nbsp;Mik\u00e4 on k\u00e4\u00e4nnekohta?&nbsp; \n\t\t\t\t\t\t\t<\/rs-layer><!--\n-->\t\t\t\t\t<\/rs-slide>\n\t\t\t\t\t\t<rs-slide style=\"position: absolute;\" data-key=\"rs-303\" data-title=\"Slide\" data-thumb=\"\/\/globalcrisisnow.org\/wp-content\/uploads\/2014\/08\/tipping_point_7-100x50.jpg\" data-anim=\"ms:300;\" data-in=\"o:1;x:-100%;\">\n\t\t\t\t\t\t\t<img decoding=\"async\" src=\"\/\/globalcrisisnow.org\/wp-content\/plugins\/revslider\/sr6\/assets\/assets\/dummy.png\" alt=\"\" title=\"K\u00e4\u00e4nnekohta\" class=\"rev-slidebg tp-rs-img rs-lazyload\" data-lazyload=\"\/\/globalcrisisnow.org\/wp-content\/uploads\/2014\/08\/tipping_point_7.jpg\" data-bg=\"p:center top;\" data-no-retina>\n<!--\n\t\t\t\t\t\t\t--><rs-layer\n\t\t\t\t\t\t\t\tid=\"slider-20-slide-303-layer-1\" \n\t\t\t\t\t\t\t\tclass=\"homepage-fi-heavy\"\n\t\t\t\t\t\t\t\tdata-type=\"text\"\n\t\t\t\t\t\t\t\tdata-color=\"#ffffff\"\n\t\t\t\t\t\t\t\tdata-rsp_ch=\"on\"\n\t\t\t\t\t\t\t\tdata-xy=\"y:-2px;\"\n\t\t\t\t\t\t\t\tdata-text=\"s:56;l:99;fw:800;\"\n\t\t\t\t\t\t\t\tdata-frame_1=\"st:500;sR:500;\"\n\t\t\t\t\t\t\t\tdata-frame_999=\"st:5470;sR:4670;auto:true;\"\n\t\t\t\t\t\t\t\tstyle=\"z-index:5;font-family:'Verdana', 'Geneva', 'sans-serif';\"\n\t\t\t\t\t\t\t>&nbsp;Se on kohta, joka muuttuu&nbsp; \n\t\t\t\t\t\t\t<\/rs-layer><!--\n-->\t\t\t\t\t<\/rs-slide>\n\t\t\t\t\t\t<rs-slide style=\"position: absolute;\" data-key=\"rs-304\" data-title=\"Slide\" data-thumb=\"\/\/globalcrisisnow.org\/wp-content\/uploads\/2014\/07\/ice_11-100x50.jpg\" data-anim=\"ms:300;\" data-in=\"o:1;x:-100%;\">\n\t\t\t\t\t\t\t<img decoding=\"async\" src=\"\/\/globalcrisisnow.org\/wp-content\/plugins\/revslider\/sr6\/assets\/assets\/dummy.png\" alt=\"\" title=\"K\u00e4\u00e4nnekohta\" class=\"rev-slidebg tp-rs-img rs-lazyload\" data-lazyload=\"\/\/globalcrisisnow.org\/wp-content\/uploads\/2014\/07\/ice_11.jpg\" data-bg=\"p:center top;\" data-no-retina>\n<!--\n\t\t\t\t\t\t\t--><rs-layer\n\t\t\t\t\t\t\t\tid=\"slider-20-slide-304-layer-2\" \n\t\t\t\t\t\t\t\tclass=\"homepage-fi-heavy\"\n\t\t\t\t\t\t\t\tdata-type=\"text\"\n\t\t\t\t\t\t\t\tdata-color=\"#ffffff\"\n\t\t\t\t\t\t\t\tdata-rsp_ch=\"on\"\n\t\t\t\t\t\t\t\tdata-xy=\"x:4px;y:139px;\"\n\t\t\t\t\t\t\t\tdata-text=\"s:56;l:99;fw:800;\"\n\t\t\t\t\t\t\t\tdata-frame_1=\"st:500;sR:500;\"\n\t\t\t\t\t\t\t\tdata-frame_999=\"st:5410;sR:4610;auto:true;\"\n\t\t\t\t\t\t\t\tstyle=\"z-index:5;font-family:'Verdana', 'Geneva', 'sans-serif';\"\n\t\t\t\t\t\t\t>&nbsp;Yhdest\u00e4 pisteest\u00e4&nbsp; \n\t\t\t\t\t\t\t<\/rs-layer><!--\n-->\t\t\t\t\t<\/rs-slide>\n\t\t\t\t\t\t<rs-slide style=\"position: absolute;\" data-key=\"rs-305\" data-title=\"Slide\" data-thumb=\"\/\/globalcrisisnow.org\/wp-content\/uploads\/2014\/08\/tipping_point_11-100x50.jpg\" data-anim=\"ms:300;\" data-in=\"o:1;x:-100%;\">\n\t\t\t\t\t\t\t<img decoding=\"async\" src=\"\/\/globalcrisisnow.org\/wp-content\/plugins\/revslider\/sr6\/assets\/assets\/dummy.png\" alt=\"\" title=\"K\u00e4\u00e4nnekohta\" class=\"rev-slidebg tp-rs-img rs-lazyload\" data-lazyload=\"\/\/globalcrisisnow.org\/wp-content\/uploads\/2014\/08\/tipping_point_11.jpg\" data-bg=\"p:center top;\" data-no-retina>\n<!--\n\t\t\t\t\t\t\t--><rs-layer\n\t\t\t\t\t\t\t\tid=\"slider-20-slide-305-layer-3\" \n\t\t\t\t\t\t\t\tclass=\"homepage-fi-heavy\"\n\t\t\t\t\t\t\t\tdata-type=\"text\"\n\t\t\t\t\t\t\t\tdata-color=\"#ffffff\"\n\t\t\t\t\t\t\t\tdata-rsp_ch=\"on\"\n\t\t\t\t\t\t\t\tdata-xy=\"x:415px;y:140px;\"\n\t\t\t\t\t\t\t\tdata-text=\"s:56;l:99;fw:800;\"\n\t\t\t\t\t\t\t\tdata-frame_1=\"st:500;sR:500;\"\n\t\t\t\t\t\t\t\tdata-frame_999=\"st:5450;sR:4650;auto:true;\"\n\t\t\t\t\t\t\t\tstyle=\"z-index:5;font-family:'Verdana', 'Geneva', 'sans-serif';\"\n\t\t\t\t\t\t\t>&nbsp;Toiseen pisteeseen&nbsp; \n\t\t\t\t\t\t\t<\/rs-layer><!--\n-->\t\t\t\t\t<\/rs-slide>\n\t\t\t\t\t\t<rs-slide style=\"position: absolute;\" data-key=\"rs-306\" data-title=\"Slide\" data-thumb=\"\/\/globalcrisisnow.org\/wp-content\/uploads\/2014\/08\/tipping_point_3-100x50.jpg\" data-anim=\"ms:300;\" data-in=\"o:1;x:-100%;\">\n\t\t\t\t\t\t\t<img decoding=\"async\" src=\"\/\/globalcrisisnow.org\/wp-content\/plugins\/revslider\/sr6\/assets\/assets\/dummy.png\" alt=\"\" title=\"K\u00e4\u00e4nnekohta\" class=\"rev-slidebg tp-rs-img rs-lazyload\" data-lazyload=\"\/\/globalcrisisnow.org\/wp-content\/uploads\/2014\/08\/tipping_point_3.jpg\" data-bg=\"p:center top;\" data-no-retina>\n<!--\n\t\t\t\t\t\t\t--><rs-layer\n\t\t\t\t\t\t\t\tid=\"slider-20-slide-306-layer-4\" \n\t\t\t\t\t\t\t\tclass=\"homepage-fi-heavy\"\n\t\t\t\t\t\t\t\tdata-type=\"text\"\n\t\t\t\t\t\t\t\tdata-color=\"#ffffff\"\n\t\t\t\t\t\t\t\tdata-rsp_ch=\"on\"\n\t\t\t\t\t\t\t\tdata-xy=\"x:354px;y:139px;\"\n\t\t\t\t\t\t\t\tdata-text=\"s:56;l:99;fw:800;\"\n\t\t\t\t\t\t\t\tdata-frame_1=\"st:500;sR:500;\"\n\t\t\t\t\t\t\t\tdata-frame_999=\"st:5460;sR:4660;auto:true;\"\n\t\t\t\t\t\t\t\tstyle=\"z-index:5;font-family:'Verdana', 'Geneva', 'sans-serif';\"\n\t\t\t\t\t\t\t>&nbsp;ja josta ei ole paluuta.&nbsp; \n\t\t\t\t\t\t\t<\/rs-layer><!--\n-->\t\t\t\t\t<\/rs-slide>\n\t\t\t\t\t\t<rs-slide style=\"position: absolute;\" data-key=\"rs-307\" data-title=\"Slide\" data-thumb=\"\/\/globalcrisisnow.org\/wp-content\/uploads\/2014\/08\/tipping_point_5-100x50.jpg\" data-anim=\"ms:300;\" data-in=\"o:1;x:-100%;\">\n\t\t\t\t\t\t\t<img decoding=\"async\" src=\"\/\/globalcrisisnow.org\/wp-content\/plugins\/revslider\/sr6\/assets\/assets\/dummy.png\" alt=\"\" title=\"K\u00e4\u00e4nnekohta\" class=\"rev-slidebg tp-rs-img rs-lazyload\" data-lazyload=\"\/\/globalcrisisnow.org\/wp-content\/uploads\/2014\/08\/tipping_point_5.jpg\" data-bg=\"p:center top;\" data-no-retina>\n<!--\n\t\t\t\t\t\t\t--><rs-layer\n\t\t\t\t\t\t\t\tid=\"slider-20-slide-307-layer-5\" \n\t\t\t\t\t\t\t\tclass=\"homepage-fi-heavy\"\n\t\t\t\t\t\t\t\tdata-type=\"text\"\n\t\t\t\t\t\t\t\tdata-color=\"#ffffff\"\n\t\t\t\t\t\t\t\tdata-rsp_ch=\"on\"\n\t\t\t\t\t\t\t\tdata-xy=\"x:510px;y:144px;\"\n\t\t\t\t\t\t\t\tdata-text=\"s:56;l:99;fw:800;\"\n\t\t\t\t\t\t\t\tdata-frame_1=\"st:500;sR:500;\"\n\t\t\t\t\t\t\t\tdata-frame_999=\"st:5490;sR:4690;auto:true;\"\n\t\t\t\t\t\t\t\tstyle=\"z-index:5;font-family:'Verdana', 'Geneva', 'sans-serif';\"\n\t\t\t\t\t\t\t>&nbsp;K\u00e4\u00e4nnekohta&nbsp; \n\t\t\t\t\t\t\t<\/rs-layer><!--\n-->\t\t\t\t\t<\/rs-slide>\n\t\t\t\t\t\t<rs-slide style=\"position: absolute;\" data-key=\"rs-308\" data-title=\"Slide\" data-thumb=\"\/\/globalcrisisnow.org\/wp-content\/uploads\/2014\/07\/ice_5-100x50.jpg\" data-anim=\"ms:300;\" data-in=\"o:1;x:-100%;\">\n\t\t\t\t\t\t\t<img decoding=\"async\" src=\"\/\/globalcrisisnow.org\/wp-content\/plugins\/revslider\/sr6\/assets\/assets\/dummy.png\" alt=\"\" title=\"K\u00e4\u00e4nnekohta\" class=\"rev-slidebg tp-rs-img rs-lazyload\" data-lazyload=\"\/\/globalcrisisnow.org\/wp-content\/uploads\/2014\/07\/ice_5.jpg\" data-bg=\"p:center top;\" data-no-retina>\n<!--\n\t\t\t\t\t\t\t--><rs-layer\n\t\t\t\t\t\t\t\tid=\"slider-20-slide-308-layer-6\" \n\t\t\t\t\t\t\t\tclass=\"homepage-fi-heavy\"\n\t\t\t\t\t\t\t\tdata-type=\"text\"\n\t\t\t\t\t\t\t\tdata-color=\"#ffffff\"\n\t\t\t\t\t\t\t\tdata-rsp_ch=\"on\"\n\t\t\t\t\t\t\t\tdata-xy=\"x:20px;y:156px;\"\n\t\t\t\t\t\t\t\tdata-text=\"s:56;l:99;fw:800;\"\n\t\t\t\t\t\t\t\tdata-frame_1=\"st:500;sR:500;\"\n\t\t\t\t\t\t\t\tdata-frame_999=\"st:5470;sR:4670;auto:true;\"\n\t\t\t\t\t\t\t\tstyle=\"z-index:5;font-family:'Verdana', 'Geneva', 'sans-serif';\"\n\t\t\t\t\t\t\t>&nbsp;Tulee muuttamaan&nbsp; \n\t\t\t\t\t\t\t<\/rs-layer><!--\n-->\t\t\t\t\t<\/rs-slide>\n\t\t\t\t\t\t<rs-slide style=\"position: absolute;\" data-key=\"rs-309\" data-title=\"Slide\" data-thumb=\"\/\/globalcrisisnow.org\/wp-content\/uploads\/2014\/07\/Earththink_3-100x50.jpg\" data-anim=\"ms:300;\" data-in=\"o:1;x:-100%;\">\n\t\t\t\t\t\t\t<img decoding=\"async\" src=\"\/\/globalcrisisnow.org\/wp-content\/plugins\/revslider\/sr6\/assets\/assets\/dummy.png\" alt=\"\" title=\"K\u00e4\u00e4nnekohta\" class=\"rev-slidebg tp-rs-img rs-lazyload\" data-lazyload=\"\/\/globalcrisisnow.org\/wp-content\/uploads\/2014\/07\/Earththink_3.jpg\" data-bg=\"p:center top;\" data-no-retina>\n<!--\n\t\t\t\t\t\t\t--><rs-layer\n\t\t\t\t\t\t\t\tid=\"slider-20-slide-309-layer-7\" \n\t\t\t\t\t\t\t\tclass=\"homepage-fi-heavy\"\n\t\t\t\t\t\t\t\tdata-type=\"text\"\n\t\t\t\t\t\t\t\tdata-color=\"#ffffff\"\n\t\t\t\t\t\t\t\tdata-rsp_ch=\"on\"\n\t\t\t\t\t\t\t\tdata-xy=\"x:78px;y:50px;\"\n\t\t\t\t\t\t\t\tdata-text=\"s:56;l:99;fw:800;\"\n\t\t\t\t\t\t\t\tdata-frame_1=\"st:500;sR:500;\"\n\t\t\t\t\t\t\t\tdata-frame_999=\"st:5460;sR:4660;auto:true;\"\n\t\t\t\t\t\t\t\tstyle=\"z-index:5;font-family:'Verdana', 'Geneva', 'sans-serif';\"\n\t\t\t\t\t\t\t>&nbsp;maailmamme, jossa el\u00e4mme nyt&nbsp; \n\t\t\t\t\t\t\t<\/rs-layer><!--\n-->\t\t\t\t\t<\/rs-slide>\n\t\t\t\t\t\t<rs-slide style=\"position: absolute;\" data-key=\"rs-310\" data-title=\"Slide\" data-thumb=\"\/\/globalcrisisnow.org\/wp-content\/uploads\/2014\/08\/tipping_point_1-100x50.jpg\" data-anim=\"adpr:false;\" data-in=\"o:0;\" data-out=\"a:false;\">\n\t\t\t\t\t\t\t<img decoding=\"async\" src=\"\/\/globalcrisisnow.org\/wp-content\/plugins\/revslider\/sr6\/assets\/assets\/dummy.png\" alt=\"\" title=\"K\u00e4\u00e4nnekohta\" class=\"rev-slidebg tp-rs-img rs-lazyload\" data-lazyload=\"\/\/globalcrisisnow.org\/wp-content\/uploads\/2014\/08\/tipping_point_1.jpg\" data-bg=\"p:center top;\" data-no-retina>\n<!--\n\t\t\t\t\t\t\t--><rs-layer\n\t\t\t\t\t\t\t\tid=\"slider-20-slide-310-layer-8\" \n\t\t\t\t\t\t\t\tclass=\"homepage-fi-heavy\"\n\t\t\t\t\t\t\t\tdata-type=\"text\"\n\t\t\t\t\t\t\t\tdata-color=\"#ffffff\"\n\t\t\t\t\t\t\t\tdata-rsp_ch=\"on\"\n\t\t\t\t\t\t\t\tdata-xy=\"x:990px;y:95px;\"\n\t\t\t\t\t\t\t\tdata-text=\"s:56;l:99;fw:800;\"\n\t\t\t\t\t\t\t\tdata-frame_1=\"st:500;sR:500;\"\n\t\t\t\t\t\t\t\tdata-frame_999=\"st:5490;sR:4690;auto:true;\"\n\t\t\t\t\t\t\t\tstyle=\"z-index:5;font-family:'Verdana', 'Geneva', 'sans-serif';\"\n\t\t\t\t\t\t\t>&nbsp;maailmaan,<br>&nbsp;jossa tuskin<br>&nbsp;voimme el\u00e4\u00e4.\n \n\t\t\t\t\t\t\t<\/rs-layer><!--\n-->\t\t\t\t\t<\/rs-slide>\n\t\t\t\t\t<\/rs-slides>\n\t\t\t\t<\/rs-module>\n\t\t\t\t<script>\n\t\t\t\t\tsetREVStartSize({c: 'rev_slider_20_1',rl:[1240,1024,778,480],el:[458],gw:[1450],gh:[458],type:'standard',justify:'',layout:'fullwidth',mh:\"0\"});if (window.RS_MODULES!==undefined && window.RS_MODULES.modules!==undefined && window.RS_MODULES.modules[\"revslider201\"]!==undefined) {window.RS_MODULES.modules[\"revslider201\"].once = false;window.revapi20 = undefined;if (window.RS_MODULES.checkMinimal!==undefined) window.RS_MODULES.checkMinimal()}\n\t\t\t\t<\/script>\n\t\t\t<\/rs-module-wrap>\n\t\t\t<!-- END REVOLUTION SLIDER -->\n\n<p>Tiedemiehet ovat m\u00e4\u00e4ritelleet noin 15 k\u00e4\u00e4nnekohtaa (\u2018tipping points\u2019) maapallollemme. Silloin kun viittaamme maailman k\u00e4\u00e4nnekohtaan, viittaamme yhteisvaikutukseen, joka syntyy ainakin joidenkin 15 k\u00e4\u00e4nnekohtapisteen ylitt\u00e4misest\u00e4. K\u00e4\u00e4nnekohta -ajatuksesta on varmasti puhuttu julkisesti, mutta mielest\u00e4mme osa tiedeyhteis\u00f6st\u00e4 ei ole keskustellut mahdollisuudesta ylitt\u00e4\u00e4 t\u00e4t\u00e4 maapallon k\u00e4\u00e4nnekohtaa, \u2019tipping point\u2019ia, ehk\u00e4 siksi, koska se on ajatuksena liian pelottava<em>.<\/em><\/p>\n<p>Sill\u00e4 jos maapallomme k\u00e4\u00e4nnekohdassa tullaan pisteeseen, jossa ekosysteemi, joka on tuhansia vuosia turvannut el\u00e4m\u00e4mme, muuttuukin ep\u00e4suotuisaksi, silloin tullaan kohtaan josta ei ole paluuta. T\u00e4m\u00e4 kohtalonpiste tuo valtavia vaikeuksia elinymp\u00e4rist\u00f6\u00f6mme ja ihmisen hengiss\u00e4 pysymiseen. T\u00e4llaisessa vaiheessa, k\u00e4\u00e4nnekohdassa, menet\u00e4mme ihmisen kyvyn vaikuttaa ilmastonmuutokseen. El\u00e4mme silloin maailmassa, jossa on odotettavissa maailmanlaajuinen katastrofi \u2013 jonka kaltaista ei ole koskaan aikaisemmin koettu ihmiskunnan historiassa.<\/p>\n<div class=\"fcbkbttn_buttons_block\" id=\"fcbkbttn_left\"><div class=\"fcbkbttn_like \"><div class=\"fb-like fb-like-standard\" data-href=\"https:\/\/globalcrisisnow.org\/fi\/kaannekohta\/\" data-colorscheme=\"light\" data-layout=\"standard\" data-action=\"like\"  data-width=\"450px\" data-size=\"small\"><\/div><\/div><div class=\"fb-share-button  \" data-href=\"https:\/\/globalcrisisnow.org\/fi\/kaannekohta\/\" data-type=\"button_count\" data-size=\"small\"><\/div><\/div>","protected":false},"excerpt":{"rendered":"<p>Tiedemiehet ovat m\u00e4\u00e4ritelleet noin 15 k\u00e4\u00e4nnekohtaa (\u2018tipping points\u2019) maapallollemme. Silloin kun viittaamme maailman k\u00e4\u00e4nnekohtaan, viittaamme yhteisvaikutukseen, joka syntyy ainakin joidenkin 15 k\u00e4\u00e4nnekohtapisteen ylitt\u00e4misest\u00e4. K\u00e4\u00e4nnekohta -ajatuksesta on varmasti puhuttu julkisesti, mutta mielest\u00e4mme osa tiedeyhteis\u00f6st\u00e4 ei ole keskustellut mahdollisuudesta ylitt\u00e4\u00e4 t\u00e4t\u00e4 maapallon k\u00e4\u00e4nnekohtaa, \u2019tipping point\u2019ia, ehk\u00e4 siksi, koska se on ajatuksena liian pelottava. Sill\u00e4 jos maapallomme k\u00e4\u00e4nnekohdassa tullaan pisteeseen, jossa ekosysteemi, joka on tuhansia vuosia turvannut el\u00e4m\u00e4mme, muuttuukin ep\u00e4suotuisaksi, silloin tullaan kohtaan josta ei ole paluuta. T\u00e4m\u00e4 kohtalonpiste tuo valtavia vaikeuksia elinymp\u00e4rist\u00f6\u00f6mme ja ihmisen hengiss\u00e4 pysymiseen. T\u00e4llaisessa vaiheessa, k\u00e4\u00e4nnekohdassa, menet\u00e4mme ihmisen kyvyn vaikuttaa ilmastonmuutokseen. El\u00e4mme silloin maailmassa, jossa on odotettavissa maailmanlaajuinen katastrofi &#8230; <\/p>\n<div><a href=\"https:\/\/globalcrisisnow.org\/fi\/kaannekohta\/\" class=\"more-link\">Read More<\/a><\/div>\n","protected":false},"author":1,"featured_media":3466,"parent":0,"menu_order":0,"comment_status":"closed","ping_status":"closed","template":"","meta":{"nf_dc_page":"","footnotes":""},"class_list":["post-3877","page","type-page","status-publish","has-post-thumbnail","hentry"],"_links":{"self":[{"href":"https:\/\/globalcrisisnow.org\/fi\/wp-json\/wp\/v2\/pages\/3877","targetHints":{"allow":["GET"]}}],"collection":[{"href":"https:\/\/globalcrisisnow.org\/fi\/wp-json\/wp\/v2\/pages"}],"about":[{"href":"https:\/\/globalcrisisnow.org\/fi\/wp-json\/wp\/v2\/types\/page"}],"author":[{"embeddable":true,"href":"https:\/\/globalcrisisnow.org\/fi\/wp-json\/wp\/v2\/users\/1"}],"replies":[{"embeddable":true,"href":"https:\/\/globalcrisisnow.org\/fi\/wp-json\/wp\/v2\/comments?post=3877"}],"version-history":[{"count":5,"href":"https:\/\/globalcrisisnow.org\/fi\/wp-json\/wp\/v2\/pages\/3877\/revisions"}],"predecessor-version":[{"id":7844,"href":"https:\/\/globalcrisisnow.org\/fi\/wp-json\/wp\/v2\/pages\/3877\/revisions\/7844"}],"wp:featuredmedia":[{"embeddable":true,"href":"https:\/\/globalcrisisnow.org\/fi\/wp-json\/wp\/v2\/media\/3466"}],"wp:attachment":[{"href":"https:\/\/globalcrisisnow.org\/fi\/wp-json\/wp\/v2\/media?parent=3877"}],"curies":[{"name":"wp","href":"https:\/\/api.w.org\/{rel}","templated":true}]}}