{"id":3882,"date":"2015-01-24T22:01:25","date_gmt":"2015-01-25T02:01:25","guid":{"rendered":"http:\/\/www.globalcrisisnow.org\/?page_id=3882"},"modified":"2023-07-03T12:38:21","modified_gmt":"2023-07-03T16:38:21","slug":"co2-ja-sina","status":"publish","type":"page","link":"https:\/\/globalcrisisnow.org\/fi\/co2-ja-sina\/","title":{"rendered":"CO2 ja sin\u00e4"},"content":{"rendered":"\n\t\t\t<!-- START co2andyoufi REVOLUTION SLIDER 6.7.18 --><p class=\"rs-p-wp-fix\"><\/p>\n\t\t\t<rs-module-wrap id=\"rev_slider_21_1_wrapper\" data-source=\"gallery\" style=\"visibility:hidden;background:#000000;padding:0;margin:0px auto;margin-top:28;margin-bottom:46;\">\n\t\t\t\t<rs-module id=\"rev_slider_21_1\" class=\" rs-ov-hidden\" style=\"\" data-version=\"6.7.18\">\n\t\t\t\t\t<rs-slides style=\"overflow: hidden; position: absolute;\">\n\t\t\t\t\t\t<rs-slide style=\"position: absolute;\" data-key=\"rs-319\" data-title=\"Slide\" data-thumb=\"\/\/globalcrisisnow.org\/wp-content\/uploads\/2014\/08\/CO2_1-100x50.jpg\" data-anim=\"ms:300;\" data-in=\"y:-100%;\">\n\t\t\t\t\t\t\t<img decoding=\"async\" src=\"\/\/globalcrisisnow.org\/wp-content\/plugins\/revslider\/sr6\/assets\/assets\/dummy.png\" alt=\"\" title=\"CO2 ja sin\u00e4\" class=\"rev-slidebg tp-rs-img rs-lazyload\" data-lazyload=\"\/\/globalcrisisnow.org\/wp-content\/uploads\/2014\/08\/CO2_1.jpg\" data-bg=\"p:center top;\" data-no-retina>\n<!--\n\t\t\t\t\t\t\t--><rs-layer\n\t\t\t\t\t\t\t\tid=\"slider-21-slide-319-layer-1\" \n\t\t\t\t\t\t\t\tclass=\"black-light\"\n\t\t\t\t\t\t\t\tdata-type=\"text\"\n\t\t\t\t\t\t\t\tdata-color=\"rgba(255,255,255,1)\"\n\t\t\t\t\t\t\t\tdata-rsp_ch=\"on\"\n\t\t\t\t\t\t\t\tdata-xy=\"x:467px;y:64px;\"\n\t\t\t\t\t\t\t\tdata-text=\"s:50;l:87;fw:600;\"\n\t\t\t\t\t\t\t\tdata-frame_0=\"tp:600;\"\n\t\t\t\t\t\t\t\tdata-frame_1=\"tp:600;st:500;\"\n\t\t\t\t\t\t\t\tdata-frame_999=\"st:w;auto:true;\"\n\t\t\t\t\t\t\t\tstyle=\"z-index:5;font-family:'Verdana', 'Geneva', 'sans-serif';text-shadow:none;\"\n\t\t\t\t\t\t\t>&nbsp;CO2 p\u00e4\u00e4st\u00f6j\u00e4 ei voi n\u00e4hd\u00e4.&nbsp; \n\t\t\t\t\t\t\t<\/rs-layer><!--\n-->\t\t\t\t\t<\/rs-slide>\n\t\t\t\t\t\t<rs-slide style=\"position: absolute;\" data-key=\"rs-311\" data-title=\"Slide\" data-thumb=\"\/\/globalcrisisnow.org\/wp-content\/uploads\/2014\/08\/CO2_2-100x50.jpg\" data-anim=\"ms:300;\" data-in=\"y:-100%;\">\n\t\t\t\t\t\t\t<img decoding=\"async\" src=\"\/\/globalcrisisnow.org\/wp-content\/plugins\/revslider\/sr6\/assets\/assets\/dummy.png\" alt=\"\" title=\"CO2 ja sin\u00e4\" class=\"rev-slidebg tp-rs-img rs-lazyload\" data-lazyload=\"\/\/globalcrisisnow.org\/wp-content\/uploads\/2014\/08\/CO2_2.jpg\" data-bg=\"p:center top;\" data-no-retina>\n<!--\n\t\t\t\t\t\t\t--><rs-layer\n\t\t\t\t\t\t\t\tid=\"slider-21-slide-311-layer-1\" \n\t\t\t\t\t\t\t\tclass=\"black-light\"\n\t\t\t\t\t\t\t\tdata-type=\"text\"\n\t\t\t\t\t\t\t\tdata-color=\"rgba(255,255,255,1)\"\n\t\t\t\t\t\t\t\tdata-rsp_ch=\"on\"\n\t\t\t\t\t\t\t\tdata-xy=\"x:453px;y:69px;\"\n\t\t\t\t\t\t\t\tdata-text=\"s:50;l:87;fw:600;\"\n\t\t\t\t\t\t\t\tdata-frame_0=\"tp:600;\"\n\t\t\t\t\t\t\t\tdata-frame_1=\"tp:600;st:500;\"\n\t\t\t\t\t\t\t\tdata-frame_999=\"st:w;auto:true;\"\n\t\t\t\t\t\t\t\tstyle=\"z-index:5;font-family:'Verdana', 'Geneva', 'sans-serif';text-shadow:none;\"\n\t\t\t\t\t\t\t>&nbsp;Ent\u00e4 jos p\u00e4\u00e4st\u00f6t n\u00e4kyisiv\u00e4t?&nbsp; \n\t\t\t\t\t\t\t<\/rs-layer><!--\n-->\t\t\t\t\t<\/rs-slide>\n\t\t\t\t\t\t<rs-slide style=\"position: absolute;\" data-key=\"rs-312\" data-title=\"Slide\" data-thumb=\"\/\/globalcrisisnow.org\/wp-content\/uploads\/2014\/08\/CO2_3-100x50.jpg\" data-anim=\"ms:300;\" data-in=\"y:-100%;\">\n\t\t\t\t\t\t\t<img decoding=\"async\" src=\"\/\/globalcrisisnow.org\/wp-content\/plugins\/revslider\/sr6\/assets\/assets\/dummy.png\" alt=\"\" title=\"CO2 ja sin\u00e4\" class=\"rev-slidebg tp-rs-img rs-lazyload\" data-lazyload=\"\/\/globalcrisisnow.org\/wp-content\/uploads\/2014\/08\/CO2_3.jpg\" data-bg=\"p:center top;\" data-no-retina>\n<!--\n\t\t\t\t\t\t\t--><rs-layer\n\t\t\t\t\t\t\t\tid=\"slider-21-slide-312-layer-1\" \n\t\t\t\t\t\t\t\tclass=\"black-light\"\n\t\t\t\t\t\t\t\tdata-type=\"text\"\n\t\t\t\t\t\t\t\tdata-color=\"rgba(255,255,255,1)\"\n\t\t\t\t\t\t\t\tdata-rsp_ch=\"on\"\n\t\t\t\t\t\t\t\tdata-xy=\"x:474px;y:69px;\"\n\t\t\t\t\t\t\t\tdata-text=\"s:50;l:87;fw:600;\"\n\t\t\t\t\t\t\t\tdata-frame_0=\"tp:600;\"\n\t\t\t\t\t\t\t\tdata-frame_1=\"tp:600;st:500;\"\n\t\t\t\t\t\t\t\tdata-frame_999=\"st:w;auto:true;\"\n\t\t\t\t\t\t\t\tstyle=\"z-index:5;font-family:'Verdana', 'Geneva', 'sans-serif';text-shadow:none;\"\n\t\t\t\t\t\t\t>&nbsp;T\u00e4m\u00e4 tulisi tapahtumaan.&nbsp; \n\t\t\t\t\t\t\t<\/rs-layer><!--\n-->\t\t\t\t\t<\/rs-slide>\n\t\t\t\t\t\t<rs-slide style=\"position: absolute;\" data-key=\"rs-313\" data-title=\"Slide\" data-thumb=\"\/\/globalcrisisnow.org\/wp-content\/uploads\/2014\/08\/CO2_4-100x50.jpg\" data-anim=\"ms:300;\" data-in=\"y:-100%;\">\n\t\t\t\t\t\t\t<img decoding=\"async\" src=\"\/\/globalcrisisnow.org\/wp-content\/plugins\/revslider\/sr6\/assets\/assets\/dummy.png\" alt=\"\" title=\"CO2 ja sin\u00e4\" class=\"rev-slidebg tp-rs-img rs-lazyload\" data-lazyload=\"\/\/globalcrisisnow.org\/wp-content\/uploads\/2014\/08\/CO2_4.jpg\" data-bg=\"p:center top;\" data-no-retina>\n<!--\n\t\t\t\t\t\t\t--><rs-layer\n\t\t\t\t\t\t\t\tid=\"slider-21-slide-313-layer-1\" \n\t\t\t\t\t\t\t\tclass=\"black-light\"\n\t\t\t\t\t\t\t\tdata-type=\"text\"\n\t\t\t\t\t\t\t\tdata-color=\"rgba(255,255,255,1)\"\n\t\t\t\t\t\t\t\tdata-rsp_ch=\"on\"\n\t\t\t\t\t\t\t\tdata-xy=\"x:469px;y:-1px;\"\n\t\t\t\t\t\t\t\tdata-text=\"s:50;l:87;fw:600;\"\n\t\t\t\t\t\t\t\tdata-frame_0=\"tp:600;\"\n\t\t\t\t\t\t\t\tdata-frame_1=\"tp:600;st:500;\"\n\t\t\t\t\t\t\t\tdata-frame_999=\"st:w;auto:true;\"\n\t\t\t\t\t\t\t\tstyle=\"z-index:5;font-family:'Verdana', 'Geneva', 'sans-serif';text-shadow:none;\"\n\t\t\t\t\t\t\t>&nbsp;Taivas tummuisi.&nbsp; \n\t\t\t\t\t\t\t<\/rs-layer><!--\n-->\t\t\t\t\t<\/rs-slide>\n\t\t\t\t\t\t<rs-slide style=\"position: absolute;\" data-key=\"rs-314\" data-title=\"Slide\" data-thumb=\"\/\/globalcrisisnow.org\/wp-content\/uploads\/2014\/08\/CO2_5-100x50.jpg\" data-anim=\"ms:300;\" data-in=\"y:-100%;\">\n\t\t\t\t\t\t\t<img decoding=\"async\" src=\"\/\/globalcrisisnow.org\/wp-content\/plugins\/revslider\/sr6\/assets\/assets\/dummy.png\" alt=\"\" title=\"CO2 ja sin\u00e4\" class=\"rev-slidebg tp-rs-img rs-lazyload\" data-lazyload=\"\/\/globalcrisisnow.org\/wp-content\/uploads\/2014\/08\/CO2_5.jpg\" data-bg=\"p:center top;\" data-no-retina>\n<!--\n\t\t\t\t\t\t\t--><rs-layer\n\t\t\t\t\t\t\t\tid=\"slider-21-slide-314-layer-1\" \n\t\t\t\t\t\t\t\tclass=\"black-light\"\n\t\t\t\t\t\t\t\tdata-type=\"text\"\n\t\t\t\t\t\t\t\tdata-color=\"rgba(255,255,255,1)\"\n\t\t\t\t\t\t\t\tdata-rsp_ch=\"on\"\n\t\t\t\t\t\t\t\tdata-xy=\"x:306px;y:-3px;\"\n\t\t\t\t\t\t\t\tdata-text=\"s:50;l:87;fw:600;\"\n\t\t\t\t\t\t\t\tdata-frame_0=\"tp:600;\"\n\t\t\t\t\t\t\t\tdata-frame_1=\"tp:600;st:500;\"\n\t\t\t\t\t\t\t\tdata-frame_999=\"st:w;auto:true;\"\n\t\t\t\t\t\t\t\tstyle=\"z-index:5;font-family:'Verdana', 'Geneva', 'sans-serif';text-shadow:none;\"\n\t\t\t\t\t\t\t>&nbsp;T\u00e4m\u00e4 on sit\u00e4 mit\u00e4 me teemme&nbsp; \n\t\t\t\t\t\t\t<\/rs-layer><!--\n-->\t\t\t\t\t<\/rs-slide>\n\t\t\t\t\t\t<rs-slide style=\"position: absolute;\" data-key=\"rs-315\" data-title=\"Slide\" data-thumb=\"\/\/globalcrisisnow.org\/wp-content\/uploads\/2014\/08\/CO2_6-100x50.jpg\" data-anim=\"ms:300;\" data-in=\"y:-100%;\">\n\t\t\t\t\t\t\t<img decoding=\"async\" src=\"\/\/globalcrisisnow.org\/wp-content\/plugins\/revslider\/sr6\/assets\/assets\/dummy.png\" alt=\"\" title=\"CO2 ja sin\u00e4\" class=\"rev-slidebg tp-rs-img rs-lazyload\" data-lazyload=\"\/\/globalcrisisnow.org\/wp-content\/uploads\/2014\/08\/CO2_6.jpg\" data-bg=\"p:center top;\" data-no-retina>\n<!--\n\t\t\t\t\t\t\t--><rs-layer\n\t\t\t\t\t\t\t\tid=\"slider-21-slide-315-layer-1\" \n\t\t\t\t\t\t\t\tclass=\"black-light\"\n\t\t\t\t\t\t\t\tdata-type=\"text\"\n\t\t\t\t\t\t\t\tdata-color=\"rgba(255,255,255,1)\"\n\t\t\t\t\t\t\t\tdata-rsp_ch=\"on\"\n\t\t\t\t\t\t\t\tdata-xy=\"x:322px;y:-1px;\"\n\t\t\t\t\t\t\t\tdata-text=\"s:50;l:87;fw:600;\"\n\t\t\t\t\t\t\t\tdata-frame_0=\"tp:600;\"\n\t\t\t\t\t\t\t\tdata-frame_1=\"tp:600;st:500;\"\n\t\t\t\t\t\t\t\tdata-frame_999=\"st:w;auto:true;\"\n\t\t\t\t\t\t\t\tstyle=\"z-index:5;font-family:'Verdana', 'Geneva', 'sans-serif';text-shadow:none;\"\n\t\t\t\t\t\t\t>&nbsp;CO2-p\u00e4\u00e4st\u00f6jen seurauksena.&nbsp; \n\t\t\t\t\t\t\t<\/rs-layer><!--\n-->\t\t\t\t\t<\/rs-slide>\n\t\t\t\t\t\t<rs-slide style=\"position: absolute;\" data-key=\"rs-316\" data-title=\"Slide\" data-thumb=\"\/\/globalcrisisnow.org\/wp-content\/uploads\/2014\/08\/atmosphere_crisis-100x50.jpg\" data-anim=\"ms:300;\" data-in=\"y:-100%;\">\n\t\t\t\t\t\t\t<img decoding=\"async\" src=\"\/\/globalcrisisnow.org\/wp-content\/plugins\/revslider\/sr6\/assets\/assets\/dummy.png\" alt=\"\" title=\"CO2 ja sin\u00e4\" class=\"rev-slidebg tp-rs-img rs-lazyload\" data-lazyload=\"\/\/globalcrisisnow.org\/wp-content\/uploads\/2014\/08\/atmosphere_crisis.jpg\" data-bg=\"p:center top;\" data-no-retina>\n<!--\n\t\t\t\t\t\t\t--><rs-layer\n\t\t\t\t\t\t\t\tid=\"slider-21-slide-316-layer-1\" \n\t\t\t\t\t\t\t\tclass=\"black-light\"\n\t\t\t\t\t\t\t\tdata-type=\"text\"\n\t\t\t\t\t\t\t\tdata-color=\"rgba(255,255,255,1)\"\n\t\t\t\t\t\t\t\tdata-rsp_ch=\"on\"\n\t\t\t\t\t\t\t\tdata-xy=\"x:352px;y:-1px;\"\n\t\t\t\t\t\t\t\tdata-text=\"s:50;l:87;fw:600;\"\n\t\t\t\t\t\t\t\tdata-frame_0=\"tp:600;\"\n\t\t\t\t\t\t\t\tdata-frame_1=\"tp:600;st:500;\"\n\t\t\t\t\t\t\t\tdata-frame_999=\"st:w;auto:true;\"\n\t\t\t\t\t\t\t\tstyle=\"z-index:5;font-family:'Verdana', 'Geneva', 'sans-serif';text-shadow:none;\"\n\t\t\t\t\t\t\t>&nbsp;Olemme luomassa kilven&nbsp; \n\t\t\t\t\t\t\t<\/rs-layer><!--\n-->\t\t\t\t\t<\/rs-slide>\n\t\t\t\t\t\t<rs-slide style=\"position: absolute;\" data-key=\"rs-317\" data-title=\"Slide\" data-thumb=\"\/\/globalcrisisnow.org\/wp-content\/uploads\/2014\/08\/heattrap_1-100x50.jpg\" data-anim=\"ms:133;d:10;f:slidebased;\" data-in=\"o:0;y:(-50%);sx:0.7;sy:0.7;m:true;e:power4.inOut;row:5;col:7;\" data-out=\"a:false;\">\n\t\t\t\t\t\t\t<img decoding=\"async\" src=\"\/\/globalcrisisnow.org\/wp-content\/plugins\/revslider\/sr6\/assets\/assets\/dummy.png\" alt=\"\" title=\"CO2 ja sin\u00e4\" class=\"rev-slidebg tp-rs-img rs-lazyload\" data-lazyload=\"\/\/globalcrisisnow.org\/wp-content\/uploads\/2014\/08\/heattrap_1.jpg\" data-bg=\"p:center top;\" data-no-retina>\n<!--\n\t\t\t\t\t\t\t--><rs-layer\n\t\t\t\t\t\t\t\tid=\"slider-21-slide-317-layer-1\" \n\t\t\t\t\t\t\t\tclass=\"black-light\"\n\t\t\t\t\t\t\t\tdata-type=\"text\"\n\t\t\t\t\t\t\t\tdata-color=\"rgba(255,255,255,1)\"\n\t\t\t\t\t\t\t\tdata-rsp_ch=\"on\"\n\t\t\t\t\t\t\t\tdata-xy=\"x:262px;y:-2px;\"\n\t\t\t\t\t\t\t\tdata-text=\"s:50;l:87;fw:600;\"\n\t\t\t\t\t\t\t\tdata-frame_0=\"tp:600;\"\n\t\t\t\t\t\t\t\tdata-frame_1=\"tp:600;st:500;\"\n\t\t\t\t\t\t\t\tdata-frame_999=\"st:w;auto:true;\"\n\t\t\t\t\t\t\t\tstyle=\"z-index:5;font-family:'Verdana', 'Geneva', 'sans-serif';text-shadow:none;\"\n\t\t\t\t\t\t\t>&nbsp;korkealle maapinnan yl\u00e4puolelle.&nbsp; \n\t\t\t\t\t\t\t<\/rs-layer><!--\n-->\t\t\t\t\t<\/rs-slide>\n\t\t\t\t\t\t<rs-slide style=\"position: absolute;\" data-key=\"rs-320\" data-title=\"Slide\" data-thumb=\"\/\/globalcrisisnow.org\/wp-content\/uploads\/2014\/08\/sun_full_CO2-100x50.jpg\" data-anim=\"ms:900;\" data-in=\"o:0;\" data-out=\"a:false;\" data-d3=\"f:cube;d:vertical;z:400;su:true;sma:1;\">\n\t\t\t\t\t\t\t<img decoding=\"async\" src=\"\/\/globalcrisisnow.org\/wp-content\/plugins\/revslider\/sr6\/assets\/assets\/dummy.png\" alt=\"\" title=\"CO2 ja sin\u00e4\" class=\"rev-slidebg tp-rs-img rs-lazyload\" data-lazyload=\"\/\/globalcrisisnow.org\/wp-content\/uploads\/2014\/08\/sun_full_CO2.jpg\" data-bg=\"p:center top;\" data-no-retina>\n<!--\n\t\t\t\t\t\t\t--><rs-layer\n\t\t\t\t\t\t\t\tid=\"slider-21-slide-320-layer-1\" \n\t\t\t\t\t\t\t\tclass=\"black-light\"\n\t\t\t\t\t\t\t\tdata-type=\"text\"\n\t\t\t\t\t\t\t\tdata-color=\"rgba(255,255,255,1)\"\n\t\t\t\t\t\t\t\tdata-rsp_ch=\"on\"\n\t\t\t\t\t\t\t\tdata-xy=\"x:162px;y:58px;\"\n\t\t\t\t\t\t\t\tdata-text=\"s:50;l:87;fw:600;\"\n\t\t\t\t\t\t\t\tdata-frame_0=\"tp:600;\"\n\t\t\t\t\t\t\t\tdata-frame_1=\"tp:600;st:500;\"\n\t\t\t\t\t\t\t\tdata-frame_999=\"st:w;auto:true;\"\n\t\t\t\t\t\t\t\tstyle=\"z-index:5;font-family:'Verdana', 'Geneva', 'sans-serif';text-shadow:none;\"\n\t\t\t\t\t\t\t>&nbsp;Sen l\u00e4pi aurinko p\u00e4\u00e4see l\u00e4mmitt\u00e4m\u00e4\u00e4n&nbsp; \n\t\t\t\t\t\t\t<\/rs-layer><!--\n-->\t\t\t\t\t<\/rs-slide>\n\t\t\t\t\t\t<rs-slide style=\"position: absolute;\" data-key=\"rs-318\" data-title=\"Slide\" data-thumb=\"\/\/globalcrisisnow.org\/wp-content\/uploads\/2014\/08\/sun_trap_heat_CO2-100x50.jpg\" data-anim=\"ms:133;d:10;f:slidebased;\" data-in=\"o:0;y:(-50%);sx:0.7;sy:0.7;m:true;e:power4.inOut;row:5;col:7;\" data-out=\"a:false;\">\n\t\t\t\t\t\t\t<img decoding=\"async\" src=\"\/\/globalcrisisnow.org\/wp-content\/plugins\/revslider\/sr6\/assets\/assets\/dummy.png\" alt=\"\" title=\"CO2 ja sin\u00e4\" class=\"rev-slidebg tp-rs-img rs-lazyload\" data-lazyload=\"\/\/globalcrisisnow.org\/wp-content\/uploads\/2014\/08\/sun_trap_heat_CO2.jpg\" data-bg=\"p:center top;\" data-no-retina>\n<!--\n\t\t\t\t\t\t\t--><rs-layer\n\t\t\t\t\t\t\t\tid=\"slider-21-slide-318-layer-1\" \n\t\t\t\t\t\t\t\tclass=\"black-light\"\n\t\t\t\t\t\t\t\tdata-type=\"text\"\n\t\t\t\t\t\t\t\tdata-color=\"rgba(255,255,255,1)\"\n\t\t\t\t\t\t\t\tdata-rsp_ch=\"on\"\n\t\t\t\t\t\t\t\tdata-xy=\"x:275px;y:-2px;\"\n\t\t\t\t\t\t\t\tdata-text=\"s:50;l:87;fw:600;\"\n\t\t\t\t\t\t\t\tdata-frame_0=\"tp:600;\"\n\t\t\t\t\t\t\t\tdata-frame_1=\"tp:600;st:500;\"\n\t\t\t\t\t\t\t\tdata-frame_999=\"st:w;auto:true;\"\n\t\t\t\t\t\t\t\tstyle=\"z-index:5;font-family:'Verdana', 'Geneva', 'sans-serif';text-shadow:none;\"\n\t\t\t\t\t\t\t>&nbsp;Mutta ei laske kuumuutta pois&nbsp; \n\t\t\t\t\t\t\t<\/rs-layer><!--\n-->\t\t\t\t\t<\/rs-slide>\n\t\t\t\t\t\t<rs-slide style=\"position: absolute;\" data-key=\"rs-322\" data-title=\"Slide\" data-thumb=\"\/\/globalcrisisnow.org\/wp-content\/uploads\/2014\/09\/crisis_sun-100x50.jpg\" data-anim=\"ms:500;\" data-in=\"o:0;\" data-out=\"a:false;\" data-d3=\"f:turn;d:vertical;su:true;\">\n\t\t\t\t\t\t\t<img decoding=\"async\" src=\"\/\/globalcrisisnow.org\/wp-content\/plugins\/revslider\/sr6\/assets\/assets\/dummy.png\" alt=\"\" title=\"CO2 ja sin\u00e4\" class=\"rev-slidebg tp-rs-img rs-lazyload\" data-lazyload=\"\/\/globalcrisisnow.org\/wp-content\/uploads\/2014\/09\/crisis_sun.jpg\" data-bg=\"p:center top;\" data-no-retina>\n<!--\n\t\t\t\t\t\t\t--><rs-layer\n\t\t\t\t\t\t\t\tid=\"slider-21-slide-322-layer-1\" \n\t\t\t\t\t\t\t\tclass=\"black-light\"\n\t\t\t\t\t\t\t\tdata-type=\"text\"\n\t\t\t\t\t\t\t\tdata-color=\"rgba(255,255,255,1)\"\n\t\t\t\t\t\t\t\tdata-rsp_ch=\"on\"\n\t\t\t\t\t\t\t\tdata-xy=\"x:389px;y:-2px;\"\n\t\t\t\t\t\t\t\tdata-text=\"s:50;l:87;fw:600;\"\n\t\t\t\t\t\t\t\tdata-frame_0=\"tp:600;\"\n\t\t\t\t\t\t\t\tdata-frame_1=\"tp:600;st:500;\"\n\t\t\t\t\t\t\t\tdata-frame_999=\"st:w;auto:true;\"\n\t\t\t\t\t\t\t\tstyle=\"z-index:5;font-family:'Verdana', 'Geneva', 'sans-serif';text-shadow:none;\"\n\t\t\t\t\t\t\t>&nbsp;Ja maapallo l\u00e4mpenee&nbsp; \n\t\t\t\t\t\t\t<\/rs-layer><!--\n-->\t\t\t\t\t<\/rs-slide>\n\t\t\t\t\t\t<rs-slide style=\"position: absolute;\" data-key=\"rs-321\" data-title=\"Slide\" data-thumb=\"\/\/globalcrisisnow.org\/wp-content\/uploads\/2014\/09\/and_warms-100x50.jpg\" data-anim=\"ms:500;\" data-in=\"o:0;\" data-out=\"a:false;\" data-d3=\"f:turn;d:vertical;su:true;\">\n\t\t\t\t\t\t\t<img decoding=\"async\" src=\"\/\/globalcrisisnow.org\/wp-content\/plugins\/revslider\/sr6\/assets\/assets\/dummy.png\" alt=\"\" title=\"CO2 ja sin\u00e4\" class=\"rev-slidebg tp-rs-img rs-lazyload\" data-lazyload=\"\/\/globalcrisisnow.org\/wp-content\/uploads\/2014\/09\/and_warms.jpg\" data-bg=\"p:center top;\" data-no-retina>\n<!--\n\t\t\t\t\t\t\t--><rs-layer\n\t\t\t\t\t\t\t\tid=\"slider-21-slide-321-layer-1\" \n\t\t\t\t\t\t\t\tclass=\"black-light-shaded\"\n\t\t\t\t\t\t\t\tdata-type=\"text\"\n\t\t\t\t\t\t\t\tdata-color=\"rgba(255,255,255,1)\"\n\t\t\t\t\t\t\t\tdata-rsp_ch=\"on\"\n\t\t\t\t\t\t\t\tdata-xy=\"x:516px;y:-3px;\"\n\t\t\t\t\t\t\t\tdata-text=\"s:50;l:87;fw:600;\"\n\t\t\t\t\t\t\t\tdata-frame_0=\"tp:600;\"\n\t\t\t\t\t\t\t\tdata-frame_1=\"tp:600;st:500;\"\n\t\t\t\t\t\t\t\tdata-frame_999=\"st:w;auto:true;\"\n\t\t\t\t\t\t\t\tstyle=\"z-index:5;background-color:rgba(0,0,11,0.17);font-family:'Verdana', 'Geneva', 'sans-serif';text-shadow:none;\"\n\t\t\t\t\t\t\t>&nbsp;ja l\u00e4mpenee.&nbsp; \n\t\t\t\t\t\t\t<\/rs-layer><!--\n-->\t\t\t\t\t<\/rs-slide>\n\t\t\t\t\t<\/rs-slides>\n\t\t\t\t<\/rs-module>\n\t\t\t\t<script>\n\t\t\t\t\tsetREVStartSize({c: 'rev_slider_21_1',rl:[1240,1024,778,480],el:[],gw:[1450],gh:[458],type:'standard',justify:'',layout:'fullwidth',mh:\"0\"});if (window.RS_MODULES!==undefined && window.RS_MODULES.modules!==undefined && window.RS_MODULES.modules[\"revslider211\"]!==undefined) {window.RS_MODULES.modules[\"revslider211\"].once = false;window.revapi21 = undefined;if (window.RS_MODULES.checkMinimal!==undefined) window.RS_MODULES.checkMinimal()}\n\t\t\t\t<\/script>\n\t\t\t<\/rs-module-wrap>\n\t\t\t<!-- END REVOLUTION SLIDER -->\n\n<p>Hiilidioksidi on n\u00e4kym\u00e4t\u00f6n. Et voi n\u00e4hd\u00e4 sit\u00e4. Mutta voit tuntea sen vaikutukset. Lis\u00e4\u00e4ntyv\u00e4 CO2 ilmakeh\u00e4ss\u00e4 muuttaa ilmastoa. Joten yksi parhaista tavoista pelastaa maapallo ja ihmisrotu on v\u00e4hent\u00e4\u00e4 oman hiilidioksiidin kulutusta, omaa hilijalanj\u00e4lke\u00e4, k\u00e4ytt\u00e4m\u00e4ll\u00e4 v\u00e4hemm\u00e4n energiaa ja tekem\u00e4ll\u00e4 energiatehokkaita valintoja. Kaikkien pit\u00e4isi lopettaa CO2 -kaasujen k\u00e4ytt\u00f6, suoraan tai ep\u00e4suorasti. Oppimalla miten se tehd\u00e4\u00e4n ja tekem\u00e4ll\u00e4 omat vastaavat el\u00e4m\u00e4nmuutokset, jokainen meist\u00e4 voi vaikuttaa ilmastonmuutokseen.<\/p>\n<div class=\"fcbkbttn_buttons_block\" id=\"fcbkbttn_left\"><div class=\"fcbkbttn_like \"><div class=\"fb-like fb-like-standard\" data-href=\"https:\/\/globalcrisisnow.org\/fi\/co2-ja-sina\/\" data-colorscheme=\"light\" data-layout=\"standard\" data-action=\"like\"  data-width=\"450px\" data-size=\"small\"><\/div><\/div><div class=\"fb-share-button  \" data-href=\"https:\/\/globalcrisisnow.org\/fi\/co2-ja-sina\/\" data-type=\"button_count\" data-size=\"small\"><\/div><\/div>","protected":false},"excerpt":{"rendered":"<p>Hiilidioksidi on n\u00e4kym\u00e4t\u00f6n. Et voi n\u00e4hd\u00e4 sit\u00e4. Mutta voit tuntea sen vaikutukset. Lis\u00e4\u00e4ntyv\u00e4 CO2 ilmakeh\u00e4ss\u00e4 muuttaa ilmastoa. Joten yksi parhaista tavoista pelastaa maapallo ja ihmisrotu on v\u00e4hent\u00e4\u00e4 oman hiilidioksiidin kulutusta, omaa hilijalanj\u00e4lke\u00e4, k\u00e4ytt\u00e4m\u00e4ll\u00e4 v\u00e4hemm\u00e4n energiaa ja tekem\u00e4ll\u00e4 energiatehokkaita valintoja. Kaikkien pit\u00e4isi lopettaa CO2 -kaasujen k\u00e4ytt\u00f6, suoraan tai ep\u00e4suorasti. Oppimalla miten se tehd\u00e4\u00e4n ja tekem\u00e4ll\u00e4 omat vastaavat el\u00e4m\u00e4nmuutokset, jokainen meist\u00e4 voi vaikuttaa ilmastonmuutokseen.<\/p>\n","protected":false},"author":1,"featured_media":5044,"parent":0,"menu_order":0,"comment_status":"closed","ping_status":"closed","template":"","meta":{"nf_dc_page":"","footnotes":""},"class_list":["post-3882","page","type-page","status-publish","has-post-thumbnail","hentry"],"_links":{"self":[{"href":"https:\/\/globalcrisisnow.org\/fi\/wp-json\/wp\/v2\/pages\/3882","targetHints":{"allow":["GET"]}}],"collection":[{"href":"https:\/\/globalcrisisnow.org\/fi\/wp-json\/wp\/v2\/pages"}],"about":[{"href":"https:\/\/globalcrisisnow.org\/fi\/wp-json\/wp\/v2\/types\/page"}],"author":[{"embeddable":true,"href":"https:\/\/globalcrisisnow.org\/fi\/wp-json\/wp\/v2\/users\/1"}],"replies":[{"embeddable":true,"href":"https:\/\/globalcrisisnow.org\/fi\/wp-json\/wp\/v2\/comments?post=3882"}],"version-history":[{"count":5,"href":"https:\/\/globalcrisisnow.org\/fi\/wp-json\/wp\/v2\/pages\/3882\/revisions"}],"predecessor-version":[{"id":7846,"href":"https:\/\/globalcrisisnow.org\/fi\/wp-json\/wp\/v2\/pages\/3882\/revisions\/7846"}],"wp:featuredmedia":[{"embeddable":true,"href":"https:\/\/globalcrisisnow.org\/fi\/wp-json\/wp\/v2\/media\/5044"}],"wp:attachment":[{"href":"https:\/\/globalcrisisnow.org\/fi\/wp-json\/wp\/v2\/media?parent=3882"}],"curies":[{"name":"wp","href":"https:\/\/api.w.org\/{rel}","templated":true}]}}