{"id":5009,"date":"2015-03-31T14:47:25","date_gmt":"2015-03-31T18:47:25","guid":{"rendered":"http:\/\/www.globalcrisisnow.org\/?page_id=5009"},"modified":"2016-07-31T09:47:34","modified_gmt":"2016-07-31T13:47:34","slug":"hallitustenvalinen-ilmastonmuutospaneeli-ipcc","status":"publish","type":"page","link":"https:\/\/globalcrisisnow.org\/fi\/hallitustenvalinen-ilmastonmuutospaneeli-ipcc\/","title":{"rendered":"Hallitustenv\u00e4linen ilmastonmuutospaneeli (IPCC)"},"content":{"rendered":"<hr  class=\"x-gap\" style=\"margin: -70px 0 0 0;\">\n<h4>Hallitustenv\u00e4linen ilmastonmuutospaneeli (IPCC)<\/h4>\n<p>Hallitustenv\u00e4linen ilmastonmuutospaneeli on maailman arvostetuimmista elimist\u00e4 ilmastomuutos asioissa, ja jota pidet\u00e4\u00e4n tosiasiallisesti t\u00e4rke\u00e4n\u00e4 tutkimuselimen\u00e4 Yhdistyneiden Kansakuntien toimissa ilmastonmuutoksen torjunnassa. IPCC:n raportit ilmestyv\u00e4t s\u00e4\u00e4nn\u00f6llisesti saaden julkisuutta ja kunnioitusta tiedotusv\u00e4lineiss\u00e4, ja raportit saavat laajaa maailmanlaajuista huomiota. Niit\u00e4 k\u00e4ytet\u00e4\u00e4n t\u00e4rkeimpin\u00e4 kiistattomina tieteellisin\u00e4 tutkimuksina kansainv\u00e4lisiss\u00e4 ilmastoneuvotteluissa.<\/p>\n<div id=\"attachment_3080\" style=\"width: 650px\" class=\"wp-caption alignright\"><a href=\"http:\/\/www.globalcrisisnow.com\/wp-content\/uploads\/2014\/08\/13901785608_8cfd8eddf1_z.jpg\"><img loading=\"lazy\" decoding=\"async\" aria-describedby=\"caption-attachment-3080\" loading=\"lazy\" class=\"wp-image-3080 size-full\" src=\"http:\/\/www.globalcrisisnow.com\/wp-content\/uploads\/2014\/08\/13901785608_8cfd8eddf1_z.jpg\" alt=\"IPCC meeting in April 2014.\" width=\"640\" height=\"319\" srcset=\"https:\/\/globalcrisisnow.org\/wp-content\/uploads\/2014\/08\/13901785608_8cfd8eddf1_z.jpg 640w, https:\/\/globalcrisisnow.org\/wp-content\/uploads\/2014\/08\/13901785608_8cfd8eddf1_z-300x149.jpg 300w, https:\/\/globalcrisisnow.org\/wp-content\/uploads\/2014\/08\/13901785608_8cfd8eddf1_z-100x49.jpg 100w\" sizes=\"auto, (max-width: 640px) 100vw, 640px\" \/><\/a><p id=\"caption-attachment-3080\" class=\"wp-caption-text\">Photo: IPCC<\/p><\/div>\n<p>Viimeinen PCC:n raportti kertoi p\u00e4\u00e4st\u00f6jen kasvun vaikutuksista ja ett\u00e4 ne voivat olla &#8220;peruuttamattomia&#8221; tulevina vuosikymmenin\u00e4, jos p\u00e4\u00e4st\u00f6j\u00e4 ei saada kuriin. Se, ett\u00e4 IPCC:lta kesti 26 vuotta p\u00e4\u00e4st\u00e4 t\u00e4h\u00e4n tulokseen osoittaa sen vahvuuden ja heikkouden \u2013 silla on yleens\u00e4 eritt\u00e4in harkitseva ja varovainen l\u00e4hestymistapa ja se liikkuu hyvin hitaasti, kuten Yhdistyneet Kansakunnat, joka loi sen vuonna 1988YK:n ymp\u00e4rist\u00f6ohjelman ja maailman ilmatieteellisen j\u00e4rjest\u00f6n yhteisty\u00f6n\u00e4.<\/p>\n<p>Kaikista sen puutteista huolimatta IPCC:ta kunnioitetaan ymp\u00e4ri maailmaa ja tutkijat eri puolilta maailmaa osallistuvat sen ty\u00f6h\u00f6n. Mutta sen poliittinen luonne vaikeuttaa ja ehk\u00e4 est\u00e4\u00e4 sen tekem\u00e4st\u00e4 rohkeampia arviointeja ja ehk\u00e4 antamasta parempaa kuvaa tulevaisuuden haasteiden vakavuudesta.<\/p>\n<div class=\"fcbkbttn_buttons_block\" id=\"fcbkbttn_left\"><div class=\"fcbkbttn_like \"><div class=\"fb-like fb-like-standard\" data-href=\"https:\/\/globalcrisisnow.org\/fi\/hallitustenvalinen-ilmastonmuutospaneeli-ipcc\/\" data-colorscheme=\"light\" data-layout=\"standard\" data-action=\"like\"  data-width=\"450px\" data-size=\"small\"><\/div><\/div><div class=\"fb-share-button  \" data-href=\"https:\/\/globalcrisisnow.org\/fi\/hallitustenvalinen-ilmastonmuutospaneeli-ipcc\/\" data-type=\"button_count\" data-size=\"small\"><\/div><\/div>","protected":false},"excerpt":{"rendered":"<p>Hallitustenv\u00e4linen ilmastonmuutospaneeli (IPCC) Hallitustenv\u00e4linen ilmastonmuutospaneeli on maailman arvostetuimmista elimist\u00e4 ilmastomuutos asioissa, ja jota pidet\u00e4\u00e4n tosiasiallisesti t\u00e4rke\u00e4n\u00e4 tutkimuselimen\u00e4 Yhdistyneiden Kansakuntien toimissa ilmastonmuutoksen torjunnassa. IPCC:n raportit ilmestyv\u00e4t s\u00e4\u00e4nn\u00f6llisesti saaden julkisuutta ja kunnioitusta tiedotusv\u00e4lineiss\u00e4, ja raportit saavat laajaa maailmanlaajuista huomiota. Niit\u00e4 k\u00e4ytet\u00e4\u00e4n t\u00e4rkeimpin\u00e4 kiistattomina tieteellisin\u00e4 tutkimuksina kansainv\u00e4lisiss\u00e4 ilmastoneuvotteluissa. Viimeinen PCC:n raportti kertoi p\u00e4\u00e4st\u00f6jen kasvun vaikutuksista ja ett\u00e4 ne voivat olla &#8220;peruuttamattomia&#8221; tulevina vuosikymmenin\u00e4, jos p\u00e4\u00e4st\u00f6j\u00e4 ei saada kuriin. Se, ett\u00e4 IPCC:lta kesti 26 vuotta p\u00e4\u00e4st\u00e4 t\u00e4h\u00e4n tulokseen osoittaa sen vahvuuden ja heikkouden \u2013 silla on yleens\u00e4 eritt\u00e4in harkitseva ja varovainen l\u00e4hestymistapa ja se liikkuu hyvin hitaasti, kuten Yhdistyneet Kansakunnat, joka loi sen vuonna &#8230; <\/p>\n<div><a href=\"https:\/\/globalcrisisnow.org\/fi\/hallitustenvalinen-ilmastonmuutospaneeli-ipcc\/\" class=\"more-link\">Read More<\/a><\/div>\n","protected":false},"author":1,"featured_media":5026,"parent":0,"menu_order":0,"comment_status":"closed","ping_status":"closed","template":"template-layout-full-width.php","meta":{"nf_dc_page":"","footnotes":""},"class_list":["post-5009","page","type-page","status-publish","has-post-thumbnail","hentry"],"_links":{"self":[{"href":"https:\/\/globalcrisisnow.org\/fi\/wp-json\/wp\/v2\/pages\/5009","targetHints":{"allow":["GET"]}}],"collection":[{"href":"https:\/\/globalcrisisnow.org\/fi\/wp-json\/wp\/v2\/pages"}],"about":[{"href":"https:\/\/globalcrisisnow.org\/fi\/wp-json\/wp\/v2\/types\/page"}],"author":[{"embeddable":true,"href":"https:\/\/globalcrisisnow.org\/fi\/wp-json\/wp\/v2\/users\/1"}],"replies":[{"embeddable":true,"href":"https:\/\/globalcrisisnow.org\/fi\/wp-json\/wp\/v2\/comments?post=5009"}],"version-history":[{"count":5,"href":"https:\/\/globalcrisisnow.org\/fi\/wp-json\/wp\/v2\/pages\/5009\/revisions"}],"predecessor-version":[{"id":6788,"href":"https:\/\/globalcrisisnow.org\/fi\/wp-json\/wp\/v2\/pages\/5009\/revisions\/6788"}],"wp:featuredmedia":[{"embeddable":true,"href":"https:\/\/globalcrisisnow.org\/fi\/wp-json\/wp\/v2\/media\/5026"}],"wp:attachment":[{"href":"https:\/\/globalcrisisnow.org\/fi\/wp-json\/wp\/v2\/media?parent=5009"}],"curies":[{"name":"wp","href":"https:\/\/api.w.org\/{rel}","templated":true}]}}