{"id":5203,"date":"2015-05-23T15:02:50","date_gmt":"2015-05-23T19:02:50","guid":{"rendered":"http:\/\/www.globalcrisisnow.org\/?page_id=5203"},"modified":"2024-06-11T16:17:42","modified_gmt":"2024-06-11T20:17:42","slug":"tapahtumat","status":"publish","type":"page","link":"https:\/\/globalcrisisnow.org\/fi\/tapahtumat\/","title":{"rendered":"Tapahtumat"},"content":{"rendered":"<p><img loading=\"lazy\" decoding=\"async\" loading=\"lazy\" class=\"alignright wp-image-7560\" src=\"http:\/\/globalcrisisnow.org\/wp-content\/uploads\/2022\/05\/Creative-Climate-Awards_4x4-6-1021x1024.jpg\" alt=\"Creative Climate Awards\" width=\"550\" height=\"551\" srcset=\"https:\/\/globalcrisisnow.org\/wp-content\/uploads\/2022\/05\/Creative-Climate-Awards_4x4-6-1021x1024.jpg 1021w, https:\/\/globalcrisisnow.org\/wp-content\/uploads\/2022\/05\/Creative-Climate-Awards_4x4-6-300x300.jpg 300w, https:\/\/globalcrisisnow.org\/wp-content\/uploads\/2022\/05\/Creative-Climate-Awards_4x4-6-150x150.jpg 150w, https:\/\/globalcrisisnow.org\/wp-content\/uploads\/2022\/05\/Creative-Climate-Awards_4x4-6-768x770.jpg 768w, https:\/\/globalcrisisnow.org\/wp-content\/uploads\/2022\/05\/Creative-Climate-Awards_4x4-6-1532x1536.jpg 1532w, https:\/\/globalcrisisnow.org\/wp-content\/uploads\/2022\/05\/Creative-Climate-Awards_4x4-6-100x100.jpg 100w, https:\/\/globalcrisisnow.org\/wp-content\/uploads\/2022\/05\/Creative-Climate-Awards_4x4-6-1246x1249.jpg 1246w, https:\/\/globalcrisisnow.org\/wp-content\/uploads\/2022\/05\/Creative-Climate-Awards_4x4-6.jpg 1915w\" sizes=\"auto, (max-width: 550px) 100vw, 550px\" \/><\/p>\n<h4>Creative Climate Awards-taidetapahtuma<\/h4>\n<p>Global Crisis Information Network Inc sponsoroi Human Impact Insititute\u2019n &#8220;<strong>Creative Climate Awards<\/strong>&#8221; -taidetapahtumaa New York Cityss\u00e4 Taiwanin Economic and Cultural Officen tilossa keskell\u00e4 Manhattania, syyskuun 27. p\u00e4iv\u00e4n\u00e4 2016.<br \/>\nGCINET:n johtaja Tarja Silverman oli taidetapahtuman alkukarsintojen tuomarina. Kilpailuun valittiin 45 kansainv\u00e4list\u00e4 taiteilijaa. Lopullinen raati valitsi viel\u00e4 voittajan.<br \/>\nN\u00e4yttelyn avajaisiin osallistui noin 250 ihmist\u00e4. Siell\u00e4 esiteltiin taiteen eri muotoja kuten visuaalisen taiteen puolelta piirrosta ja veistoksia, ja erilaista musiikkia, videota, multimediaa ja performanssiesityksi\u00e4 ja joiden kaikkien aiheena on ilmastonmuutos.<br \/>\nTaidetapahtuman p\u00e4\u00e4t\u00f6sjuhlat olivat torstaina lokakuun 27. p\u00e4iv\u00e4n\u00e4, jolloin Global Crisis Information Networkin toinen johtaja Tapio Kanninen puhui ja voittaneelle taiteilijalle luovutettiin p\u00e4\u00e4palkinto.<\/p>\n<div id=\"attachment_6768\" style=\"width: 550px\" class=\"wp-caption alignright\"><a href=\"http:\/\/globalcrisisnow.org\/wp-content\/uploads\/2015\/05\/Linda-Cunningham\u2019s-\u2018Such-Foresight-Photo-by-David-\u2018Dee\u2019-Delgado.jpg\"><img loading=\"lazy\" decoding=\"async\" aria-describedby=\"caption-attachment-6768\" loading=\"lazy\" class=\"size-full wp-image-6768\" src=\"http:\/\/globalcrisisnow.org\/wp-content\/uploads\/2015\/05\/Linda-Cunningham\u2019s-\u2018Such-Foresight-Photo-by-David-\u2018Dee\u2019-Delgado.jpg\" alt=\"Kuvan ottanut David 'Dee' Delgado 15.07.16 Linda Cunninghamin teoksesta &quot;Such Foresight: South Bronx Waterfront&quot;, esill\u00e4 Bronx Museum of Artissa osana Nature, Climate, Art -n\u00e4yttely\u00e4.\" width=\"540\" height=\"361\" srcset=\"https:\/\/globalcrisisnow.org\/wp-content\/uploads\/2015\/05\/Linda-Cunningham\u2019s-\u2018Such-Foresight-Photo-by-David-\u2018Dee\u2019-Delgado.jpg 900w, https:\/\/globalcrisisnow.org\/wp-content\/uploads\/2015\/05\/Linda-Cunningham\u2019s-\u2018Such-Foresight-Photo-by-David-\u2018Dee\u2019-Delgado-300x200.jpg 300w, https:\/\/globalcrisisnow.org\/wp-content\/uploads\/2015\/05\/Linda-Cunningham\u2019s-\u2018Such-Foresight-Photo-by-David-\u2018Dee\u2019-Delgado-768x513.jpg 768w, https:\/\/globalcrisisnow.org\/wp-content\/uploads\/2015\/05\/Linda-Cunningham\u2019s-\u2018Such-Foresight-Photo-by-David-\u2018Dee\u2019-Delgado-100x67.jpg 100w\" sizes=\"auto, (max-width: 540px) 100vw, 540px\" \/><\/a><p id=\"caption-attachment-6768\" class=\"wp-caption-text\">Kuvan ottanut David &#8216;Dee&#8217; Delgado 15.07.16 Linda Cunninghamin teoksesta &#8220;Such Foresight: South Bronx Waterfront&#8221;, esill\u00e4 Bronx Museum of Artissa osana Nature, Climate, Art -n\u00e4yttely\u00e4.<\/p><\/div>\n<h4>Nature, Climate, Art -n\u00e4yttely<\/h4>\n<p><strong>Nature, Climate, Art<\/strong> -n\u00e4yttely tutki ilmastomuutoksen vaikutusta el\u00e4m\u00e4\u00e4mme ja ymp\u00e4rist\u00f6\u00f6mme osoittaen luonnon ja ihmisen roolia elinymp\u00e4rist\u00f6mme muutoksessa.<\/p>\n<p>Ilmastomuutosteema on puhutteleva ja pakottaa ihmiset katsomaan asiaa tarkasti, jota n\u00e4yttelyn taiteilijat omalla tavallaan ovat l\u00e4hestyneet teoksillaan.<\/p>\n<p>T\u00e4h\u00e4n taiden\u00e4yttelyyn osallistui kansainv\u00e4lisi\u00e4 taiteilijoita.<br \/>\nNorjalainen <strong>Karoline Hjorth<\/strong> ja suomalainen <strong>Riitta Ikonen<\/strong> valokuvaavat yhdessa arktisen alueen ymp\u00e4rist\u00f6\u00e4 ja ihmisi\u00e4. Kanadan ja Yhdysvaltojen kansalainen <strong>Robin Rapoport<\/strong> on kuvanveist\u00e4j\u00e4, joka esitt\u00e4\u00e4 sekatekniikallaan elinymp\u00e4rist\u00f6n muutoksia. Taitelija <strong>Nozomi Rosen<\/strong> esitt\u00e4\u00e4 japanilaisella pigmenttitekniikalla luontoa ja sen maisemia. Amerikkalainen <strong>Linda Cunningham<\/strong> on taiteilija, jonka teoksissa n\u00e4hd\u00e4\u00e4n h\u00e4nen oman l\u00e4hialueensa Bronxin vesist\u00f6jen ja rantapaikkojen h\u00e4vi\u00e4mist\u00e4 teollisuudelle ja luonnon katastrofeille. <strong>Juha Metson<\/strong>, suomalainen valokuvaajan t\u00f6iss\u00e4 n\u00e4hd\u00e4\u00e4n lokkien lentoa kaatopaikoilla osoittaen el\u00e4m\u00e4nkiertoa ja sen yhteytt\u00e4 ihmisten muuttamaan luontoon.<\/p>\n<p>N\u00e4it\u00e4 viitt\u00e4 taiteilijaa yhdist\u00e4\u00e4 herkk\u00e4 kosketus elinymp\u00e4rist\u00f6\u00f6n ja luontoon, joka on heid\u00e4n inspiraationsa l\u00e4hde. Traditionaalisin taidetekniikan avuin he luovat ainutlaatuisen kohtaamisen ihmisille ja heid\u00e4n elinymp\u00e4rist\u00f6lleen.<\/p>\n<h4>Puunhalausta Helsingin Taiteiden y\u00f6ss\u00e4<\/h4>\n<p>Global Crisis Now oli mukana Helsingin juhlaviikkojen Taiteiden y\u00f6ss\u00e4 20.8.2015. Juhlaviikkojen teemana Espan lavalla ja puistossa oli ilmastonmuutos. Lavaa ymp\u00e4r\u00f6iv\u00e4t vanhat ja upeat lehmukset saivat olla kaupunkilaisten ymp\u00e4rist\u00f6rakkauden kohteena todellisen puheenhalauksen muodossa.<\/p>\n<hr \/>\n<div class=\"fcbkbttn_buttons_block\" id=\"fcbkbttn_left\"><div class=\"fcbkbttn_like \"><div class=\"fb-like fb-like-standard\" data-href=\"https:\/\/globalcrisisnow.org\/fi\/tapahtumat\/\" data-colorscheme=\"light\" data-layout=\"standard\" data-action=\"like\"  data-width=\"450px\" data-size=\"small\"><\/div><\/div><div class=\"fb-share-button  \" data-href=\"https:\/\/globalcrisisnow.org\/fi\/tapahtumat\/\" data-type=\"button_count\" data-size=\"small\"><\/div><\/div>","protected":false},"excerpt":{"rendered":"<p>Creative Climate Awards-taidetapahtuma Global Crisis Information Network Inc sponsoroi Human Impact Insititute\u2019n &#8220;Creative Climate Awards&#8221; -taidetapahtumaa New York Cityss\u00e4 Taiwanin Economic and Cultural Officen tilossa keskell\u00e4 Manhattania, syyskuun 27. p\u00e4iv\u00e4n\u00e4 2016. GCINET:n johtaja Tarja Silverman oli taidetapahtuman alkukarsintojen tuomarina. Kilpailuun valittiin 45 kansainv\u00e4list\u00e4 taiteilijaa. Lopullinen raati valitsi viel\u00e4 voittajan. N\u00e4yttelyn avajaisiin osallistui noin 250 ihmist\u00e4. Siell\u00e4 esiteltiin taiteen eri muotoja kuten visuaalisen taiteen puolelta piirrosta ja veistoksia, ja erilaista musiikkia, videota, multimediaa ja performanssiesityksi\u00e4 ja joiden kaikkien aiheena on ilmastonmuutos. Taidetapahtuman p\u00e4\u00e4t\u00f6sjuhlat olivat torstaina lokakuun 27. p\u00e4iv\u00e4n\u00e4, jolloin Global Crisis Information Networkin toinen johtaja Tapio Kanninen puhui ja voittaneelle taiteilijalle &#8230; <\/p>\n<div><a href=\"https:\/\/globalcrisisnow.org\/fi\/tapahtumat\/\" class=\"more-link\">Read More<\/a><\/div>\n","protected":false},"author":1,"featured_media":0,"parent":0,"menu_order":0,"comment_status":"closed","ping_status":"closed","template":"","meta":{"nf_dc_page":"","footnotes":""},"class_list":["post-5203","page","type-page","status-publish","hentry","no-post-thumbnail"],"_links":{"self":[{"href":"https:\/\/globalcrisisnow.org\/fi\/wp-json\/wp\/v2\/pages\/5203","targetHints":{"allow":["GET"]}}],"collection":[{"href":"https:\/\/globalcrisisnow.org\/fi\/wp-json\/wp\/v2\/pages"}],"about":[{"href":"https:\/\/globalcrisisnow.org\/fi\/wp-json\/wp\/v2\/types\/page"}],"author":[{"embeddable":true,"href":"https:\/\/globalcrisisnow.org\/fi\/wp-json\/wp\/v2\/users\/1"}],"replies":[{"embeddable":true,"href":"https:\/\/globalcrisisnow.org\/fi\/wp-json\/wp\/v2\/comments?post=5203"}],"version-history":[{"count":5,"href":"https:\/\/globalcrisisnow.org\/fi\/wp-json\/wp\/v2\/pages\/5203\/revisions"}],"predecessor-version":[{"id":7938,"href":"https:\/\/globalcrisisnow.org\/fi\/wp-json\/wp\/v2\/pages\/5203\/revisions\/7938"}],"wp:attachment":[{"href":"https:\/\/globalcrisisnow.org\/fi\/wp-json\/wp\/v2\/media?parent=5203"}],"curies":[{"name":"wp","href":"https:\/\/api.w.org\/{rel}","templated":true}]}}